{"id":6,"date":"2023-07-08T21:36:19","date_gmt":"2023-07-09T00:36:19","guid":{"rendered":"https:\/\/delvek.com.br\/?page_id=6"},"modified":"2023-10-26T18:30:33","modified_gmt":"2023-10-26T21:30:33","slug":"home","status":"publish","type":"page","link":"https:\/\/delvek.com.br\/","title":{"rendered":"Home"},"content":{"rendered":"\t\t<div data-elementor-type=\"wp-page\" data-elementor-id=\"6\" class=\"elementor elementor-6\">\n\t\t\t\t<div class=\"elementor-element elementor-element-55a7dbf e-flex e-con-boxed e-con e-parent\" data-id=\"55a7dbf\" data-element_type=\"container\">\n\t\t\t\t\t<div class=\"e-con-inner\">\n\t\t\t\t<div class=\"elementor-element elementor-element-1d672d4 elementor-pagination-position-inside elementor-widget__width-inherit elementor-arrows-position-inside elementor-widget elementor-widget-image-carousel\" data-id=\"1d672d4\" data-element_type=\"widget\" data-settings=\"{&quot;slides_to_show&quot;:&quot;1&quot;,&quot;pause_on_hover&quot;:&quot;no&quot;,&quot;pause_on_interaction&quot;:&quot;no&quot;,&quot;speed&quot;:700,&quot;autoplay_speed&quot;:4600,&quot;navigation&quot;:&quot;both&quot;,&quot;autoplay&quot;:&quot;yes&quot;,&quot;infinite&quot;:&quot;yes&quot;,&quot;effect&quot;:&quot;slide&quot;}\" data-widget_type=\"image-carousel.default\">\n\t\t\t\t<div class=\"elementor-widget-container\">\n\t\t\t<style>\/*! elementor - v3.21.0 - 25-04-2024 *\/\n.elementor-widget-image-carousel .swiper,.elementor-widget-image-carousel .swiper-container{position:static}.elementor-widget-image-carousel .swiper-container .swiper-slide figure,.elementor-widget-image-carousel .swiper .swiper-slide figure{line-height:inherit}.elementor-widget-image-carousel .swiper-slide{text-align:center}.elementor-image-carousel-wrapper:not(.swiper-container-initialized):not(.swiper-initialized) .swiper-slide{max-width:calc(100% \/ var(--e-image-carousel-slides-to-show, 3))}<\/style>\t\t<div class=\"elementor-image-carousel-wrapper swiper\" dir=\"ltr\">\n\t\t\t<div class=\"elementor-image-carousel swiper-wrapper swiper-image-stretch\" aria-live=\"off\">\n\t\t\t\t\t\t\t\t<div class=\"swiper-slide\" role=\"group\" aria-roledescription=\"slide\" aria-label=\"1 of 6\"><figure class=\"swiper-slide-inner\"><img decoding=\"async\" class=\"swiper-slide-image\" src=\"https:\/\/delvek.com.br\/wp-content\/uploads\/2023\/07\/9712-1-Copia.png\" alt=\"9712 (1) - Copia\" \/><\/figure><\/div><div class=\"swiper-slide\" role=\"group\" aria-roledescription=\"slide\" aria-label=\"2 of 6\"><figure class=\"swiper-slide-inner\"><img decoding=\"async\" class=\"swiper-slide-image\" src=\"https:\/\/delvek.com.br\/wp-content\/uploads\/2023\/07\/sitehome44-5-Copia.png\" alt=\"sitehome44 (5) - Copia\" \/><\/figure><\/div><div class=\"swiper-slide\" role=\"group\" aria-roledescription=\"slide\" aria-label=\"3 of 6\"><figure class=\"swiper-slide-inner\"><img decoding=\"async\" class=\"swiper-slide-image\" src=\"https:\/\/delvek.com.br\/wp-content\/uploads\/2023\/07\/Chamada-para-o-site-21-5-Copia.png\" alt=\"Chamada para o site 21 (5) - Copia\" \/><\/figure><\/div><div class=\"swiper-slide\" role=\"group\" aria-roledescription=\"slide\" aria-label=\"4 of 6\"><figure class=\"swiper-slide-inner\"><img decoding=\"async\" class=\"swiper-slide-image\" src=\"https:\/\/delvek.com.br\/wp-content\/uploads\/2023\/07\/12360-1.png\" alt=\"12360 (1)\" \/><\/figure><\/div><div class=\"swiper-slide\" role=\"group\" aria-roledescription=\"slide\" aria-label=\"5 of 6\"><figure class=\"swiper-slide-inner\"><img decoding=\"async\" class=\"swiper-slide-image\" src=\"https:\/\/delvek.com.br\/wp-content\/uploads\/2023\/07\/9712-4-Copia.png\" alt=\"9712 (4) - Copia\" \/><\/figure><\/div><div class=\"swiper-slide\" role=\"group\" aria-roledescription=\"slide\" aria-label=\"6 of 6\"><figure class=\"swiper-slide-inner\"><img decoding=\"async\" class=\"swiper-slide-image\" src=\"https:\/\/delvek.com.br\/wp-content\/uploads\/2023\/07\/Chamada-para-o-site952312.png\" alt=\"Chamada para o site952312\" \/><\/figure><\/div>\t\t\t<\/div>\n\t\t\t\t\t\t\t\t\t\t\t\t<div class=\"elementor-swiper-button elementor-swiper-button-prev\" role=\"button\" tabindex=\"0\">\n\t\t\t\t\t\t<i aria-hidden=\"true\" class=\"eicon-chevron-left\"><\/i>\t\t\t\t\t<\/div>\n\t\t\t\t\t<div class=\"elementor-swiper-button elementor-swiper-button-next\" role=\"button\" tabindex=\"0\">\n\t\t\t\t\t\t<i aria-hidden=\"true\" class=\"eicon-chevron-right\"><\/i>\t\t\t\t\t<\/div>\n\t\t\t\t\n\t\t\t\t\t\t\t\t\t<div class=\"swiper-pagination\"><\/div>\n\t\t\t\t\t\t\t\t\t<\/div>\n\t\t\t\t<\/div>\n\t\t\t\t<\/div>\n\t\t\t\t\t<\/div>\n\t\t\t\t<\/div>\n\t\t<div class=\"elementor-element elementor-element-cbbdedc e-flex e-con-boxed e-con e-parent\" data-id=\"cbbdedc\" data-element_type=\"container\">\n\t\t\t\t\t<div class=\"e-con-inner\">\n\t\t\t\t<div class=\"elementor-element elementor-element-2169ac3 elementor-widget-divider--view-line elementor-widget elementor-widget-divider\" data-id=\"2169ac3\" data-element_type=\"widget\" data-widget_type=\"divider.default\">\n\t\t\t\t<div class=\"elementor-widget-container\">\n\t\t\t<style>\/*! elementor - v3.21.0 - 25-04-2024 *\/\n.elementor-widget-divider{--divider-border-style:none;--divider-border-width:1px;--divider-color:#0c0d0e;--divider-icon-size:20px;--divider-element-spacing:10px;--divider-pattern-height:24px;--divider-pattern-size:20px;--divider-pattern-url:none;--divider-pattern-repeat:repeat-x}.elementor-widget-divider .elementor-divider{display:flex}.elementor-widget-divider .elementor-divider__text{font-size:15px;line-height:1;max-width:95%}.elementor-widget-divider .elementor-divider__element{margin:0 var(--divider-element-spacing);flex-shrink:0}.elementor-widget-divider .elementor-icon{font-size:var(--divider-icon-size)}.elementor-widget-divider .elementor-divider-separator{display:flex;margin:0;direction:ltr}.elementor-widget-divider--view-line_icon .elementor-divider-separator,.elementor-widget-divider--view-line_text .elementor-divider-separator{align-items:center}.elementor-widget-divider--view-line_icon .elementor-divider-separator:after,.elementor-widget-divider--view-line_icon .elementor-divider-separator:before,.elementor-widget-divider--view-line_text .elementor-divider-separator:after,.elementor-widget-divider--view-line_text .elementor-divider-separator:before{display:block;content:\"\";border-block-end:0;flex-grow:1;border-block-start:var(--divider-border-width) var(--divider-border-style) var(--divider-color)}.elementor-widget-divider--element-align-left .elementor-divider .elementor-divider-separator>.elementor-divider__svg:first-of-type{flex-grow:0;flex-shrink:100}.elementor-widget-divider--element-align-left .elementor-divider-separator:before{content:none}.elementor-widget-divider--element-align-left .elementor-divider__element{margin-left:0}.elementor-widget-divider--element-align-right .elementor-divider .elementor-divider-separator>.elementor-divider__svg:last-of-type{flex-grow:0;flex-shrink:100}.elementor-widget-divider--element-align-right .elementor-divider-separator:after{content:none}.elementor-widget-divider--element-align-right .elementor-divider__element{margin-right:0}.elementor-widget-divider--element-align-start .elementor-divider .elementor-divider-separator>.elementor-divider__svg:first-of-type{flex-grow:0;flex-shrink:100}.elementor-widget-divider--element-align-start .elementor-divider-separator:before{content:none}.elementor-widget-divider--element-align-start .elementor-divider__element{margin-inline-start:0}.elementor-widget-divider--element-align-end .elementor-divider .elementor-divider-separator>.elementor-divider__svg:last-of-type{flex-grow:0;flex-shrink:100}.elementor-widget-divider--element-align-end .elementor-divider-separator:after{content:none}.elementor-widget-divider--element-align-end .elementor-divider__element{margin-inline-end:0}.elementor-widget-divider:not(.elementor-widget-divider--view-line_text):not(.elementor-widget-divider--view-line_icon) .elementor-divider-separator{border-block-start:var(--divider-border-width) var(--divider-border-style) var(--divider-color)}.elementor-widget-divider--separator-type-pattern{--divider-border-style:none}.elementor-widget-divider--separator-type-pattern.elementor-widget-divider--view-line .elementor-divider-separator,.elementor-widget-divider--separator-type-pattern:not(.elementor-widget-divider--view-line) .elementor-divider-separator:after,.elementor-widget-divider--separator-type-pattern:not(.elementor-widget-divider--view-line) .elementor-divider-separator:before,.elementor-widget-divider--separator-type-pattern:not([class*=elementor-widget-divider--view]) .elementor-divider-separator{width:100%;min-height:var(--divider-pattern-height);-webkit-mask-size:var(--divider-pattern-size) 100%;mask-size:var(--divider-pattern-size) 100%;-webkit-mask-repeat:var(--divider-pattern-repeat);mask-repeat:var(--divider-pattern-repeat);background-color:var(--divider-color);-webkit-mask-image:var(--divider-pattern-url);mask-image:var(--divider-pattern-url)}.elementor-widget-divider--no-spacing{--divider-pattern-size:auto}.elementor-widget-divider--bg-round{--divider-pattern-repeat:round}.rtl .elementor-widget-divider .elementor-divider__text{direction:rtl}.e-con-inner>.elementor-widget-divider,.e-con>.elementor-widget-divider{width:var(--container-widget-width,100%);--flex-grow:var(--container-widget-flex-grow)}<\/style>\t\t<div class=\"elementor-divider\">\n\t\t\t<span class=\"elementor-divider-separator\">\n\t\t\t\t\t\t<\/span>\n\t\t<\/div>\n\t\t\t\t<\/div>\n\t\t\t\t<\/div>\n\t\t\t\t\t<\/div>\n\t\t\t\t<\/div>\n\t\t<div class=\"elementor-element elementor-element-82067a7 e-flex e-con-boxed e-con e-parent\" data-id=\"82067a7\" data-element_type=\"container\" data-settings=\"{&quot;background_background&quot;:&quot;gradient&quot;}\">\n\t\t\t\t\t<div class=\"e-con-inner\">\n\t\t\t\t<div class=\"elementor-element elementor-element-8abad12 elementor-widget elementor-widget-heading\" data-id=\"8abad12\" data-element_type=\"widget\" data-widget_type=\"heading.default\">\n\t\t\t\t<div class=\"elementor-widget-container\">\n\t\t\t<style>\/*! elementor - v3.21.0 - 25-04-2024 *\/\n.elementor-heading-title{padding:0;margin:0;line-height:1}.elementor-widget-heading .elementor-heading-title[class*=elementor-size-]>a{color:inherit;font-size:inherit;line-height:inherit}.elementor-widget-heading .elementor-heading-title.elementor-size-small{font-size:15px}.elementor-widget-heading .elementor-heading-title.elementor-size-medium{font-size:19px}.elementor-widget-heading .elementor-heading-title.elementor-size-large{font-size:29px}.elementor-widget-heading .elementor-heading-title.elementor-size-xl{font-size:39px}.elementor-widget-heading .elementor-heading-title.elementor-size-xxl{font-size:59px}<\/style><h1 class=\"elementor-heading-title elementor-size-default\">Bem-vindo \u00e0 Delvek<\/h1>\t\t<\/div>\n\t\t\t\t<\/div>\n\t\t\t\t<div class=\"elementor-element elementor-element-52c5b23 elementor-widget elementor-widget-text-editor\" data-id=\"52c5b23\" data-element_type=\"widget\" data-widget_type=\"text-editor.default\">\n\t\t\t\t<div class=\"elementor-widget-container\">\n\t\t\t<style>\/*! elementor - v3.21.0 - 25-04-2024 *\/\n.elementor-widget-text-editor.elementor-drop-cap-view-stacked .elementor-drop-cap{background-color:#69727d;color:#fff}.elementor-widget-text-editor.elementor-drop-cap-view-framed .elementor-drop-cap{color:#69727d;border:3px solid;background-color:transparent}.elementor-widget-text-editor:not(.elementor-drop-cap-view-default) .elementor-drop-cap{margin-top:8px}.elementor-widget-text-editor:not(.elementor-drop-cap-view-default) .elementor-drop-cap-letter{width:1em;height:1em}.elementor-widget-text-editor .elementor-drop-cap{float:left;text-align:center;line-height:1;font-size:50px}.elementor-widget-text-editor .elementor-drop-cap-letter{display:inline-block}<\/style>\t\t\t\t<p>Onde a inova\u00e7\u00e3o encontra resultados e o sucesso do seu neg\u00f3cio ganha vida.&nbsp;<\/p>\t\t\t\t\t\t<\/div>\n\t\t\t\t<\/div>\n\t\t\t\t<div class=\"elementor-element elementor-element-0e1ae39 elementor-widget elementor-widget-text-editor\" data-id=\"0e1ae39\" data-element_type=\"widget\" data-widget_type=\"text-editor.default\">\n\t\t\t\t<div class=\"elementor-widget-container\">\n\t\t\t\t\t\t\t<p>Somos apaixonados por construir pontes entre o mundo digital e o crescimento exponencial das suas metas. Nossa miss\u00e3o \u00e9 oferecer solu\u00e7\u00f5es sob medida que impulsionem a sua empresa para novos patamares.<\/p><p>Com uma variedade de servi\u00e7os especializados, ajudamos voc\u00ea a enfrentar os desafios do mundo digital e a aproveitar ao m\u00e1ximo as oportunidades que ele oferece.<\/p><p>Explore nosso site para descobrir como nossas solu\u00e7\u00f5es podem transformar o seu neg\u00f3cio. Estamos prontos para construir um futuro de sucesso ao seu lado!<\/p>\t\t\t\t\t\t<\/div>\n\t\t\t\t<\/div>\n\t\t\t\t\t<\/div>\n\t\t\t\t<\/div>\n\t\t<div class=\"elementor-element elementor-element-7c08b5c e-flex e-con-boxed e-con e-parent\" data-id=\"7c08b5c\" data-element_type=\"container\" data-settings=\"{&quot;background_background&quot;:&quot;gradient&quot;}\">\n\t\t\t\t\t<div class=\"e-con-inner\">\n\t\t<div class=\"elementor-element elementor-element-e77380f e-con-full e-flex e-con e-child\" data-id=\"e77380f\" data-element_type=\"container\">\n\t\t\t\t<div class=\"elementor-element elementor-element-b122c76 elementor-widget elementor-widget-text-editor\" data-id=\"b122c76\" data-element_type=\"widget\" data-widget_type=\"text-editor.default\">\n\t\t\t\t<div class=\"elementor-widget-container\">\n\t\t\t\t\t\t\t<div><p>Cada etapa do nosso processo \u00e9 cuidadosamente monitorada para garantir que nossos clientes recebam resultados induzidos e duradouros. Mas tudo isso s\u00f3 foi poss\u00edvel devido aos longos anos de experi\u00eancia que o nosso fundador se dedicou para aprimorar seus conhecimentos.\u00a0<\/p><p>Se deseja saber mais sobre nossa hist\u00f3ria na era digital assim como os valores que nos impulsiona cada vez mais longe, clique no bot\u00e3o abaixo.<\/p><\/div>\t\t\t\t\t\t<\/div>\n\t\t\t\t<\/div>\n\t\t\t\t<div class=\"elementor-element elementor-element-c5d4802 elementor-widget elementor-widget-button\" data-id=\"c5d4802\" data-element_type=\"widget\" data-widget_type=\"button.default\">\n\t\t\t\t<div class=\"elementor-widget-container\">\n\t\t\t\t\t<div class=\"elementor-button-wrapper\">\n\t\t\t<a class=\"elementor-button elementor-button-link elementor-size-md elementor-animation-shrink\" href=\"https:\/\/delvek.com.br\/index.php\/sobre-nos\/\">\n\t\t\t\t\t\t<span class=\"elementor-button-content-wrapper\">\n\t\t\t\t\t\t\t\t\t<span class=\"elementor-button-text\">Quem somos<\/span>\n\t\t\t\t\t<\/span>\n\t\t\t\t\t<\/a>\n\t\t<\/div>\n\t\t\t\t<\/div>\n\t\t\t\t<\/div>\n\t\t\t\t<\/div>\n\t\t<div class=\"elementor-element elementor-element-87f8643 e-con-full e-flex e-con e-child\" data-id=\"87f8643\" data-element_type=\"container\">\n\t\t\t\t<div class=\"elementor-element elementor-element-975fb09 elementor-hidden-tablet elementor-hidden-mobile elementor-widget elementor-widget-image\" data-id=\"975fb09\" data-element_type=\"widget\" data-widget_type=\"image.default\">\n\t\t\t\t<div class=\"elementor-widget-container\">\n\t\t\t<style>\/*! elementor - v3.21.0 - 25-04-2024 *\/\n.elementor-widget-image{text-align:center}.elementor-widget-image a{display:inline-block}.elementor-widget-image a img[src$=\".svg\"]{width:48px}.elementor-widget-image img{vertical-align:middle;display:inline-block}<\/style>\t\t\t\t\t\t\t\t\t\t<img fetchpriority=\"high\" decoding=\"async\" width=\"1024\" height=\"1024\" src=\"https:\/\/delvek.com.br\/wp-content\/uploads\/2023\/07\/Together-Forever11-1-1024x1024.png\" class=\"attachment-large size-large wp-image-1264\" alt=\"\" srcset=\"https:\/\/delvek.com.br\/wp-content\/uploads\/2023\/07\/Together-Forever11-1-1024x1024.png 1024w, https:\/\/delvek.com.br\/wp-content\/uploads\/2023\/07\/Together-Forever11-1-300x300.png 300w, https:\/\/delvek.com.br\/wp-content\/uploads\/2023\/07\/Together-Forever11-1-150x150.png 150w, https:\/\/delvek.com.br\/wp-content\/uploads\/2023\/07\/Together-Forever11-1-768x768.png 768w, https:\/\/delvek.com.br\/wp-content\/uploads\/2023\/07\/Together-Forever11-1-1536x1536.png 1536w, https:\/\/delvek.com.br\/wp-content\/uploads\/2023\/07\/Together-Forever11-1-2048x2048.png 2048w, https:\/\/delvek.com.br\/wp-content\/uploads\/2023\/07\/Together-Forever11-1-230x230.png 230w, https:\/\/delvek.com.br\/wp-content\/uploads\/2023\/07\/Together-Forever11-1-400x400.png 400w, https:\/\/delvek.com.br\/wp-content\/uploads\/2023\/07\/Together-Forever11-1-600x600.png 600w, https:\/\/delvek.com.br\/wp-content\/uploads\/2023\/07\/Together-Forever11-1-640x640.png 640w\" sizes=\"(max-width: 1024px) 100vw, 1024px\" \/>\t\t\t\t\t\t\t\t\t\t\t\t\t<\/div>\n\t\t\t\t<\/div>\n\t\t\t\t<\/div>\n\t\t\t\t\t<\/div>\n\t\t\t\t<\/div>\n\t\t<div class=\"elementor-element elementor-element-4655235 e-flex e-con-boxed e-con e-parent\" data-id=\"4655235\" data-element_type=\"container\" data-settings=\"{&quot;background_background&quot;:&quot;gradient&quot;}\">\n\t\t\t\t\t<div class=\"e-con-inner\">\n\t\t<div class=\"elementor-element elementor-element-e551c9f e-con-full e-flex e-con e-child\" data-id=\"e551c9f\" data-element_type=\"container\">\n\t\t\t\t<div class=\"elementor-element elementor-element-5aea73f elementor-widget elementor-widget-image\" data-id=\"5aea73f\" data-element_type=\"widget\" data-widget_type=\"image.default\">\n\t\t\t\t<div class=\"elementor-widget-container\">\n\t\t\t\t\t\t\t\t\t\t\t\t\t<img decoding=\"async\" width=\"1024\" height=\"1024\" src=\"https:\/\/delvek.com.br\/wp-content\/uploads\/2023\/07\/Together-Forever11-1-1-1024x1024.png\" class=\"attachment-large size-large wp-image-1265\" alt=\"\" srcset=\"https:\/\/delvek.com.br\/wp-content\/uploads\/2023\/07\/Together-Forever11-1-1-1024x1024.png 1024w, https:\/\/delvek.com.br\/wp-content\/uploads\/2023\/07\/Together-Forever11-1-1-300x300.png 300w, https:\/\/delvek.com.br\/wp-content\/uploads\/2023\/07\/Together-Forever11-1-1-150x150.png 150w, https:\/\/delvek.com.br\/wp-content\/uploads\/2023\/07\/Together-Forever11-1-1-768x768.png 768w, https:\/\/delvek.com.br\/wp-content\/uploads\/2023\/07\/Together-Forever11-1-1-1536x1536.png 1536w, https:\/\/delvek.com.br\/wp-content\/uploads\/2023\/07\/Together-Forever11-1-1-2048x2048.png 2048w, https:\/\/delvek.com.br\/wp-content\/uploads\/2023\/07\/Together-Forever11-1-1-230x230.png 230w, https:\/\/delvek.com.br\/wp-content\/uploads\/2023\/07\/Together-Forever11-1-1-400x400.png 400w, https:\/\/delvek.com.br\/wp-content\/uploads\/2023\/07\/Together-Forever11-1-1-600x600.png 600w, https:\/\/delvek.com.br\/wp-content\/uploads\/2023\/07\/Together-Forever11-1-1-640x640.png 640w\" sizes=\"(max-width: 1024px) 100vw, 1024px\" \/>\t\t\t\t\t\t\t\t\t\t\t\t\t<\/div>\n\t\t\t\t<\/div>\n\t\t\t\t<\/div>\n\t\t<div class=\"elementor-element elementor-element-a9fe7c2 e-con-full e-flex e-con e-child\" data-id=\"a9fe7c2\" data-element_type=\"container\">\n\t\t\t\t<div class=\"elementor-element elementor-element-6b5ff73 elementor-widget elementor-widget-text-editor\" data-id=\"6b5ff73\" data-element_type=\"widget\" data-widget_type=\"text-editor.default\">\n\t\t\t\t<div class=\"elementor-widget-container\">\n\t\t\t\t\t\t\t<div><p>Nossos sistemas s\u00e3o cuidadosamente projetados para se comunicarem de forma eficiente e integrada. Com uma abordagem meticulosa e aten\u00e7\u00e3o aos detalhes, dedicamo-nos a oferecer produtos e servi\u00e7os que atendam aos mais altos padr\u00f5es de qualidade.<\/p><p>Cada componente interage harmoniosamente, compartilhando dados e informa\u00e7\u00f5es em tempo real. Com uma comunica\u00e7\u00e3o interna eficaz, garantimos a tomada de decis\u00f5es \u00e1geis e precisas, maximizando a efici\u00eancia operacional e impulsionando o desempenho dos nossos clientes.<\/p><\/div><p>Saiba mais sobre nossos servi\u00e7os clicando no bot\u00e3o abaixo.<\/p>\t\t\t\t\t\t<\/div>\n\t\t\t\t<\/div>\n\t\t\t\t<div class=\"elementor-element elementor-element-1950eac elementor-widget elementor-widget-button\" data-id=\"1950eac\" data-element_type=\"widget\" data-widget_type=\"button.default\">\n\t\t\t\t<div class=\"elementor-widget-container\">\n\t\t\t\t\t<div class=\"elementor-button-wrapper\">\n\t\t\t<a class=\"elementor-button elementor-button-link elementor-size-md elementor-animation-shrink\" href=\"https:\/\/delvek.com.br\/index.php\/nossos-servicos\/\">\n\t\t\t\t\t\t<span class=\"elementor-button-content-wrapper\">\n\t\t\t\t\t\t\t\t\t<span class=\"elementor-button-text\">Nossos Servi\u00e7os<\/span>\n\t\t\t\t\t<\/span>\n\t\t\t\t\t<\/a>\n\t\t<\/div>\n\t\t\t\t<\/div>\n\t\t\t\t<\/div>\n\t\t\t\t<\/div>\n\t\t\t\t\t<\/div>\n\t\t\t\t<\/div>\n\t\t<div class=\"elementor-element elementor-element-5ecc83b e-flex e-con-boxed e-con e-parent\" data-id=\"5ecc83b\" data-element_type=\"container\" data-settings=\"{&quot;background_background&quot;:&quot;gradient&quot;}\">\n\t\t\t\t\t<div class=\"e-con-inner\">\n\t\t<div class=\"elementor-element elementor-element-e46b71e e-con-full e-flex e-con e-child\" data-id=\"e46b71e\" data-element_type=\"container\">\n\t\t\t\t<div class=\"elementor-element elementor-element-2a8de14 elementor-widget elementor-widget-text-editor\" data-id=\"2a8de14\" data-element_type=\"widget\" data-widget_type=\"text-editor.default\">\n\t\t\t\t<div class=\"elementor-widget-container\">\n\t\t\t\t\t\t\t<p>Pronto para dar o pr\u00f3ximo passo em dire\u00e7\u00e3o ao sucesso do seu neg\u00f3cio?<\/p><p>A Delvek est\u00e1 aqui para ajudar! N\u00e3o perca tempo, pe\u00e7a agora mesmo o seu or\u00e7amento personalizado.<\/p><p>N\u00e3o deixe essa chance escapar!<\/p><p>Entre em contato conosco hoje mesmo e descubra como podemos transformar as suas metas em realidade.<\/p>\t\t\t\t\t\t<\/div>\n\t\t\t\t<\/div>\n\t\t\t\t<\/div>\n\t\t<div class=\"elementor-element elementor-element-71c7e79 e-con-full e-flex e-con e-child\" data-id=\"71c7e79\" data-element_type=\"container\">\n\t\t\t\t<div class=\"elementor-element elementor-element-971fdd9 elementor-widget__width-initial elementor-align-left elementor-widget-tablet__width-initial elementor-widget-mobile__width-initial elementor-widget elementor-widget-button\" data-id=\"971fdd9\" data-element_type=\"widget\" data-widget_type=\"button.default\">\n\t\t\t\t<div class=\"elementor-widget-container\">\n\t\t\t\t\t<div class=\"elementor-button-wrapper\">\n\t\t\t<a class=\"elementor-button elementor-button-link elementor-size-md elementor-animation-shrink\" href=\"https:\/\/delvek.com.br\/index.php\/contato\/\">\n\t\t\t\t\t\t<span class=\"elementor-button-content-wrapper\">\n\t\t\t\t\t\t\t\t\t<span class=\"elementor-button-text\">Fale conosco<\/span>\n\t\t\t\t\t<\/span>\n\t\t\t\t\t<\/a>\n\t\t<\/div>\n\t\t\t\t<\/div>\n\t\t\t\t<\/div>\n\t\t\t\t<\/div>\n\t\t\t\t\t<\/div>\n\t\t\t\t<\/div>\n\t\t\t\t<\/div>\n\t\t","protected":false},"excerpt":{"rendered":"<p>Bem-vindo \u00e0 Delvek Onde a inova\u00e7\u00e3o encontra resultados e o sucesso do seu neg\u00f3cio ganha vida.&nbsp; Somos apaixonados por construir pontes entre o mundo digital e o crescimento exponencial das suas metas. Nossa miss\u00e3o \u00e9 oferecer solu\u00e7\u00f5es sob medida que impulsionem a sua empresa para novos patamares. Com uma variedade de servi\u00e7os especializados, ajudamos voc\u00ea [&hellip;]<\/p>\n","protected":false},"author":1,"featured_media":0,"parent":0,"menu_order":0,"comment_status":"closed","ping_status":"closed","template":"","meta":[],"_links":{"self":[{"href":"https:\/\/delvek.com.br\/index.php\/wp-json\/wp\/v2\/pages\/6"}],"collection":[{"href":"https:\/\/delvek.com.br\/index.php\/wp-json\/wp\/v2\/pages"}],"about":[{"href":"https:\/\/delvek.com.br\/index.php\/wp-json\/wp\/v2\/types\/page"}],"author":[{"embeddable":true,"href":"https:\/\/delvek.com.br\/index.php\/wp-json\/wp\/v2\/users\/1"}],"replies":[{"embeddable":true,"href":"https:\/\/delvek.com.br\/index.php\/wp-json\/wp\/v2\/comments?post=6"}],"version-history":[{"count":623,"href":"https:\/\/delvek.com.br\/index.php\/wp-json\/wp\/v2\/pages\/6\/revisions"}],"predecessor-version":[{"id":1530,"href":"https:\/\/delvek.com.br\/index.php\/wp-json\/wp\/v2\/pages\/6\/revisions\/1530"}],"wp:attachment":[{"href":"https:\/\/delvek.com.br\/index.php\/wp-json\/wp\/v2\/media?parent=6"}],"curies":[{"name":"wp","href":"https:\/\/api.w.org\/{rel}","templated":true}]}}