{"id":498,"date":"2023-07-12T23:40:37","date_gmt":"2023-07-13T02:40:37","guid":{"rendered":"https:\/\/delvek.com.br\/?page_id=498"},"modified":"2023-07-26T15:07:06","modified_gmt":"2023-07-26T18:07:06","slug":"criacao-de-websites","status":"publish","type":"page","link":"https:\/\/delvek.com.br\/index.php\/criacao-de-websites\/","title":{"rendered":"Cria\u00e7\u00e3o de Websites"},"content":{"rendered":"\t\t<div data-elementor-type=\"wp-page\" data-elementor-id=\"498\" class=\"elementor elementor-498\">\n\t\t\t\t<div class=\"elementor-element elementor-element-2a2a442 e-flex e-con-boxed e-con e-parent\" data-id=\"2a2a442\" data-element_type=\"container\">\n\t\t\t\t\t<div class=\"e-con-inner\">\n\t\t\t\t<div class=\"elementor-element elementor-element-251b653 elementor-widget-divider--view-line elementor-widget elementor-widget-divider\" data-id=\"251b653\" data-element_type=\"widget\" data-widget_type=\"divider.default\">\n\t\t\t\t<div class=\"elementor-widget-container\">\n\t\t\t<style>\/*! elementor - v3.21.0 - 25-04-2024 *\/\n.elementor-widget-divider{--divider-border-style:none;--divider-border-width:1px;--divider-color:#0c0d0e;--divider-icon-size:20px;--divider-element-spacing:10px;--divider-pattern-height:24px;--divider-pattern-size:20px;--divider-pattern-url:none;--divider-pattern-repeat:repeat-x}.elementor-widget-divider .elementor-divider{display:flex}.elementor-widget-divider .elementor-divider__text{font-size:15px;line-height:1;max-width:95%}.elementor-widget-divider .elementor-divider__element{margin:0 var(--divider-element-spacing);flex-shrink:0}.elementor-widget-divider .elementor-icon{font-size:var(--divider-icon-size)}.elementor-widget-divider .elementor-divider-separator{display:flex;margin:0;direction:ltr}.elementor-widget-divider--view-line_icon .elementor-divider-separator,.elementor-widget-divider--view-line_text .elementor-divider-separator{align-items:center}.elementor-widget-divider--view-line_icon .elementor-divider-separator:after,.elementor-widget-divider--view-line_icon .elementor-divider-separator:before,.elementor-widget-divider--view-line_text .elementor-divider-separator:after,.elementor-widget-divider--view-line_text .elementor-divider-separator:before{display:block;content:\"\";border-block-end:0;flex-grow:1;border-block-start:var(--divider-border-width) var(--divider-border-style) var(--divider-color)}.elementor-widget-divider--element-align-left .elementor-divider .elementor-divider-separator>.elementor-divider__svg:first-of-type{flex-grow:0;flex-shrink:100}.elementor-widget-divider--element-align-left .elementor-divider-separator:before{content:none}.elementor-widget-divider--element-align-left .elementor-divider__element{margin-left:0}.elementor-widget-divider--element-align-right .elementor-divider .elementor-divider-separator>.elementor-divider__svg:last-of-type{flex-grow:0;flex-shrink:100}.elementor-widget-divider--element-align-right .elementor-divider-separator:after{content:none}.elementor-widget-divider--element-align-right .elementor-divider__element{margin-right:0}.elementor-widget-divider--element-align-start .elementor-divider .elementor-divider-separator>.elementor-divider__svg:first-of-type{flex-grow:0;flex-shrink:100}.elementor-widget-divider--element-align-start .elementor-divider-separator:before{content:none}.elementor-widget-divider--element-align-start .elementor-divider__element{margin-inline-start:0}.elementor-widget-divider--element-align-end .elementor-divider .elementor-divider-separator>.elementor-divider__svg:last-of-type{flex-grow:0;flex-shrink:100}.elementor-widget-divider--element-align-end .elementor-divider-separator:after{content:none}.elementor-widget-divider--element-align-end .elementor-divider__element{margin-inline-end:0}.elementor-widget-divider:not(.elementor-widget-divider--view-line_text):not(.elementor-widget-divider--view-line_icon) .elementor-divider-separator{border-block-start:var(--divider-border-width) var(--divider-border-style) var(--divider-color)}.elementor-widget-divider--separator-type-pattern{--divider-border-style:none}.elementor-widget-divider--separator-type-pattern.elementor-widget-divider--view-line .elementor-divider-separator,.elementor-widget-divider--separator-type-pattern:not(.elementor-widget-divider--view-line) .elementor-divider-separator:after,.elementor-widget-divider--separator-type-pattern:not(.elementor-widget-divider--view-line) .elementor-divider-separator:before,.elementor-widget-divider--separator-type-pattern:not([class*=elementor-widget-divider--view]) .elementor-divider-separator{width:100%;min-height:var(--divider-pattern-height);-webkit-mask-size:var(--divider-pattern-size) 100%;mask-size:var(--divider-pattern-size) 100%;-webkit-mask-repeat:var(--divider-pattern-repeat);mask-repeat:var(--divider-pattern-repeat);background-color:var(--divider-color);-webkit-mask-image:var(--divider-pattern-url);mask-image:var(--divider-pattern-url)}.elementor-widget-divider--no-spacing{--divider-pattern-size:auto}.elementor-widget-divider--bg-round{--divider-pattern-repeat:round}.rtl .elementor-widget-divider .elementor-divider__text{direction:rtl}.e-con-inner>.elementor-widget-divider,.e-con>.elementor-widget-divider{width:var(--container-widget-width,100%);--flex-grow:var(--container-widget-flex-grow)}<\/style>\t\t<div class=\"elementor-divider\">\n\t\t\t<span class=\"elementor-divider-separator\">\n\t\t\t\t\t\t<\/span>\n\t\t<\/div>\n\t\t\t\t<\/div>\n\t\t\t\t<\/div>\n\t\t\t\t\t<\/div>\n\t\t\t\t<\/div>\n\t\t<div class=\"elementor-element elementor-element-dc96ea5 e-flex e-con-boxed e-con e-parent\" data-id=\"dc96ea5\" data-element_type=\"container\">\n\t\t\t\t\t<div class=\"e-con-inner\">\n\t\t\t\t<div class=\"elementor-element elementor-element-07fdcf4 elementor-widget-divider--view-line elementor-widget elementor-widget-divider\" data-id=\"07fdcf4\" data-element_type=\"widget\" data-widget_type=\"divider.default\">\n\t\t\t\t<div class=\"elementor-widget-container\">\n\t\t\t\t\t<div class=\"elementor-divider\">\n\t\t\t<span class=\"elementor-divider-separator\">\n\t\t\t\t\t\t<\/span>\n\t\t<\/div>\n\t\t\t\t<\/div>\n\t\t\t\t<\/div>\n\t\t\t\t\t<\/div>\n\t\t\t\t<\/div>\n\t\t<div class=\"elementor-element elementor-element-e552229 e-flex e-con-boxed e-con e-parent\" data-id=\"e552229\" data-element_type=\"container\">\n\t\t\t\t\t<div class=\"e-con-inner\">\n\t\t\t\t<div class=\"elementor-element elementor-element-7862129 elementor-widget__width-initial elementor-widget elementor-widget-heading\" data-id=\"7862129\" data-element_type=\"widget\" data-widget_type=\"heading.default\">\n\t\t\t\t<div class=\"elementor-widget-container\">\n\t\t\t<style>\/*! elementor - v3.21.0 - 25-04-2024 *\/\n.elementor-heading-title{padding:0;margin:0;line-height:1}.elementor-widget-heading .elementor-heading-title[class*=elementor-size-]>a{color:inherit;font-size:inherit;line-height:inherit}.elementor-widget-heading .elementor-heading-title.elementor-size-small{font-size:15px}.elementor-widget-heading .elementor-heading-title.elementor-size-medium{font-size:19px}.elementor-widget-heading .elementor-heading-title.elementor-size-large{font-size:29px}.elementor-widget-heading .elementor-heading-title.elementor-size-xl{font-size:39px}.elementor-widget-heading .elementor-heading-title.elementor-size-xxl{font-size:59px}<\/style><h2 class=\"elementor-heading-title elementor-size-xxl\">Cria\u00e7\u00e3o de Websites<\/h2>\t\t<\/div>\n\t\t\t\t<\/div>\n\t\t\t\t\t<\/div>\n\t\t\t\t<\/div>\n\t\t<div class=\"elementor-element elementor-element-ffe58e2 e-flex e-con-boxed e-con e-parent\" data-id=\"ffe58e2\" data-element_type=\"container\">\n\t\t\t\t\t<div class=\"e-con-inner\">\n\t\t\t\t<div class=\"elementor-element elementor-element-c7666d3 elementor-widget-divider--view-line elementor-widget elementor-widget-divider\" data-id=\"c7666d3\" data-element_type=\"widget\" data-widget_type=\"divider.default\">\n\t\t\t\t<div class=\"elementor-widget-container\">\n\t\t\t\t\t<div class=\"elementor-divider\">\n\t\t\t<span class=\"elementor-divider-separator\">\n\t\t\t\t\t\t<\/span>\n\t\t<\/div>\n\t\t\t\t<\/div>\n\t\t\t\t<\/div>\n\t\t\t\t\t<\/div>\n\t\t\t\t<\/div>\n\t\t<div class=\"elementor-element elementor-element-ec679fa e-flex e-con-boxed e-con e-parent\" data-id=\"ec679fa\" data-element_type=\"container\">\n\t\t\t\t\t<div class=\"e-con-inner\">\n\t\t<div class=\"elementor-element elementor-element-b63d10b e-con-full e-flex e-con e-parent\" data-id=\"b63d10b\" data-element_type=\"container\">\n\t\t\t\t<div class=\"elementor-element elementor-element-f8360df elementor-widget elementor-widget-image\" data-id=\"f8360df\" data-element_type=\"widget\" data-widget_type=\"image.default\">\n\t\t\t\t<div class=\"elementor-widget-container\">\n\t\t\t<style>\/*! elementor - v3.21.0 - 25-04-2024 *\/\n.elementor-widget-image{text-align:center}.elementor-widget-image a{display:inline-block}.elementor-widget-image a img[src$=\".svg\"]{width:48px}.elementor-widget-image img{vertical-align:middle;display:inline-block}<\/style>\t\t\t\t\t\t\t\t\t\t<img fetchpriority=\"high\" decoding=\"async\" width=\"1024\" height=\"1024\" src=\"https:\/\/delvek.com.br\/wp-content\/uploads\/2023\/07\/Together-Forever11-4-1024x1024.png\" class=\"attachment-large size-large wp-image-919\" alt=\"Cria\u00e7\u00e3o de websites, cria\u00e7\u00e3o de sites\" srcset=\"https:\/\/delvek.com.br\/wp-content\/uploads\/2023\/07\/Together-Forever11-4-1024x1024.png 1024w, https:\/\/delvek.com.br\/wp-content\/uploads\/2023\/07\/Together-Forever11-4-300x300.png 300w, https:\/\/delvek.com.br\/wp-content\/uploads\/2023\/07\/Together-Forever11-4-150x150.png 150w, https:\/\/delvek.com.br\/wp-content\/uploads\/2023\/07\/Together-Forever11-4-768x768.png 768w, https:\/\/delvek.com.br\/wp-content\/uploads\/2023\/07\/Together-Forever11-4-1536x1536.png 1536w, https:\/\/delvek.com.br\/wp-content\/uploads\/2023\/07\/Together-Forever11-4-230x230.png 230w, https:\/\/delvek.com.br\/wp-content\/uploads\/2023\/07\/Together-Forever11-4-400x400.png 400w, https:\/\/delvek.com.br\/wp-content\/uploads\/2023\/07\/Together-Forever11-4-600x600.png 600w, https:\/\/delvek.com.br\/wp-content\/uploads\/2023\/07\/Together-Forever11-4-640x640.png 640w, https:\/\/delvek.com.br\/wp-content\/uploads\/2023\/07\/Together-Forever11-4.png 2025w\" sizes=\"(max-width: 1024px) 100vw, 1024px\" \/>\t\t\t\t\t\t\t\t\t\t\t\t\t<\/div>\n\t\t\t\t<\/div>\n\t\t\t\t<\/div>\n\t\t<div class=\"elementor-element elementor-element-fd0f3d4 e-con-full e-flex e-con e-parent\" data-id=\"fd0f3d4\" data-element_type=\"container\">\n\t\t\t\t<div class=\"elementor-element elementor-element-d0ea885 elementor-widget elementor-widget-text-editor\" data-id=\"d0ea885\" data-element_type=\"widget\" data-widget_type=\"text-editor.default\">\n\t\t\t\t<div class=\"elementor-widget-container\">\n\t\t\t<style>\/*! elementor - v3.21.0 - 25-04-2024 *\/\n.elementor-widget-text-editor.elementor-drop-cap-view-stacked .elementor-drop-cap{background-color:#69727d;color:#fff}.elementor-widget-text-editor.elementor-drop-cap-view-framed .elementor-drop-cap{color:#69727d;border:3px solid;background-color:transparent}.elementor-widget-text-editor:not(.elementor-drop-cap-view-default) .elementor-drop-cap{margin-top:8px}.elementor-widget-text-editor:not(.elementor-drop-cap-view-default) .elementor-drop-cap-letter{width:1em;height:1em}.elementor-widget-text-editor .elementor-drop-cap{float:left;text-align:center;line-height:1;font-size:50px}.elementor-widget-text-editor .elementor-drop-cap-letter{display:inline-block}<\/style>\t\t\t\t<div><p>Se voc\u00ea busca uma presen\u00e7a online impactante e eficiente, voc\u00ea veio ao lugar certo.\u00a0<\/p><p>\u00a0<\/p><p>Na nossa empresa, somos especialistas em criar websites profissionais e personalizados que cativam o seu p\u00fablico-alvo e impulsionam o crescimento do seu neg\u00f3cio.\u00a0<\/p><p>\u00a0<\/p><p>Combinando design atraente, funcionalidade intuitiva e otimiza\u00e7\u00e3o para controle de busca, nossos sites s\u00e3o ferramentas poderosas para conquistar clientes e alcan\u00e7ar resultados desejados.<\/p><\/div>\t\t\t\t\t\t<\/div>\n\t\t\t\t<\/div>\n\t\t\t\t<\/div>\n\t\t\t\t\t<\/div>\n\t\t\t\t<\/div>\n\t\t<div class=\"elementor-element elementor-element-4baa0e8 e-flex e-con-boxed e-con e-parent\" data-id=\"4baa0e8\" data-element_type=\"container\">\n\t\t\t\t\t<div class=\"e-con-inner\">\n\t\t\t\t<div class=\"elementor-element elementor-element-a0f10be elementor-widget__width-initial elementor-widget elementor-widget-image\" data-id=\"a0f10be\" data-element_type=\"widget\" data-widget_type=\"image.default\">\n\t\t\t\t<div class=\"elementor-widget-container\">\n\t\t\t\t\t\t\t\t\t\t\t\t\t<img decoding=\"async\" width=\"1170\" height=\"536\" src=\"https:\/\/delvek.com.br\/wp-content\/uploads\/2023\/07\/Together-Forever11-1-2-1170x536.png\" class=\"attachment-htmega_size_1170x536 size-htmega_size_1170x536 wp-image-1340\" alt=\"\" \/>\t\t\t\t\t\t\t\t\t\t\t\t\t<\/div>\n\t\t\t\t<\/div>\n\t\t\t\t\t<\/div>\n\t\t\t\t<\/div>\n\t\t<div class=\"elementor-element elementor-element-97b6f9b e-flex e-con-boxed e-con e-parent\" data-id=\"97b6f9b\" data-element_type=\"container\">\n\t\t\t\t\t<div class=\"e-con-inner\">\n\t\t<div class=\"elementor-element elementor-element-6dbd43f e-con-full e-flex e-con e-parent\" data-id=\"6dbd43f\" data-element_type=\"container\">\n\t\t\t\t<div class=\"elementor-element elementor-element-d5401e5 elementor-widget elementor-widget-text-editor\" data-id=\"d5401e5\" data-element_type=\"widget\" data-widget_type=\"text-editor.default\">\n\t\t\t\t<div class=\"elementor-widget-container\">\n\t\t\t\t\t\t\t<h2><span style=\"color: #ffff99;\">Nossa Abordagem<\/span><\/h2><div><span style=\"color: #ffff99;\">\u00a0<\/span><\/div><p>\u00a0<\/p><p>Na cria\u00e7\u00e3o de websites, adotamos uma abordagem centrada no cliente. Trabalhamos em estreita colabora\u00e7\u00e3o com voc\u00ea para entender suas necessidades, objetivos e identidade da marca.\u00a0<\/p><p><span style=\"color: var( --e-global-color-text ); letter-spacing: 0px;\">\u00a0<\/span><\/p><p><span style=\"color: var( --e-global-color-text ); letter-spacing: 0px;\">Desde formas de contato e integra\u00e7\u00e3o com redes sociais at\u00e9 galerias de imagens e lojas virtuais, nossos sites s\u00e3o projetados para atender \u00e0s suas necessidades espec\u00edficas.<\/span><\/p>\t\t\t\t\t\t<\/div>\n\t\t\t\t<\/div>\n\t\t\t\t<\/div>\n\t\t<div class=\"elementor-element elementor-element-9cf3752 e-con-full e-flex e-con e-parent\" data-id=\"9cf3752\" data-element_type=\"container\">\n\t\t\t\t<div class=\"elementor-element elementor-element-67cfa73 elementor-widget elementor-widget-image\" data-id=\"67cfa73\" data-element_type=\"widget\" data-widget_type=\"image.default\">\n\t\t\t\t<div class=\"elementor-widget-container\">\n\t\t\t\t\t\t\t\t\t\t\t\t\t<img decoding=\"async\" width=\"1024\" height=\"1024\" src=\"https:\/\/delvek.com.br\/wp-content\/uploads\/2023\/07\/142536542-1-1024x1024.png\" class=\"attachment-large size-large wp-image-1337\" alt=\"Cria\u00e7\u00e3o de websites, cria\u00e7\u00e3o de sites\" srcset=\"https:\/\/delvek.com.br\/wp-content\/uploads\/2023\/07\/142536542-1-1024x1024.png 1024w, https:\/\/delvek.com.br\/wp-content\/uploads\/2023\/07\/142536542-1-300x300.png 300w, https:\/\/delvek.com.br\/wp-content\/uploads\/2023\/07\/142536542-1-150x150.png 150w, https:\/\/delvek.com.br\/wp-content\/uploads\/2023\/07\/142536542-1-768x768.png 768w, https:\/\/delvek.com.br\/wp-content\/uploads\/2023\/07\/142536542-1-1536x1536.png 1536w, https:\/\/delvek.com.br\/wp-content\/uploads\/2023\/07\/142536542-1-230x230.png 230w, https:\/\/delvek.com.br\/wp-content\/uploads\/2023\/07\/142536542-1-400x400.png 400w, https:\/\/delvek.com.br\/wp-content\/uploads\/2023\/07\/142536542-1-600x600.png 600w, https:\/\/delvek.com.br\/wp-content\/uploads\/2023\/07\/142536542-1-640x640.png 640w, https:\/\/delvek.com.br\/wp-content\/uploads\/2023\/07\/142536542-1.png 1890w\" sizes=\"(max-width: 1024px) 100vw, 1024px\" \/>\t\t\t\t\t\t\t\t\t\t\t\t\t<\/div>\n\t\t\t\t<\/div>\n\t\t\t\t<\/div>\n\t\t\t\t\t<\/div>\n\t\t\t\t<\/div>\n\t\t<div class=\"elementor-element elementor-element-52854ac e-flex e-con-boxed e-con e-parent\" data-id=\"52854ac\" data-element_type=\"container\">\n\t\t\t\t\t<div class=\"e-con-inner\">\n\t\t\t\t<div class=\"elementor-element elementor-element-4e6d716 elementor-widget__width-initial elementor-widget elementor-widget-image\" data-id=\"4e6d716\" data-element_type=\"widget\" data-widget_type=\"image.default\">\n\t\t\t\t<div class=\"elementor-widget-container\">\n\t\t\t\t\t\t\t\t\t\t\t\t\t<img decoding=\"async\" width=\"1170\" height=\"536\" src=\"https:\/\/delvek.com.br\/wp-content\/uploads\/2023\/07\/Together-Forever11-1-2-1170x536.png\" class=\"attachment-htmega_size_1170x536 size-htmega_size_1170x536 wp-image-1340\" alt=\"\" \/>\t\t\t\t\t\t\t\t\t\t\t\t\t<\/div>\n\t\t\t\t<\/div>\n\t\t\t\t\t<\/div>\n\t\t\t\t<\/div>\n\t\t<div class=\"elementor-element elementor-element-035f284 e-flex e-con-boxed e-con e-parent\" data-id=\"035f284\" data-element_type=\"container\">\n\t\t\t\t\t<div class=\"e-con-inner\">\n\t\t<div class=\"elementor-element elementor-element-300a154 e-con-full e-flex e-con e-parent\" data-id=\"300a154\" data-element_type=\"container\">\n\t\t\t\t<div class=\"elementor-element elementor-element-445b62a elementor-widget elementor-widget-image\" data-id=\"445b62a\" data-element_type=\"widget\" data-widget_type=\"image.default\">\n\t\t\t\t<div class=\"elementor-widget-container\">\n\t\t\t\t\t\t\t\t\t\t\t\t\t<img loading=\"lazy\" decoding=\"async\" width=\"1024\" height=\"1024\" src=\"https:\/\/delvek.com.br\/wp-content\/uploads\/2023\/07\/142536542-2-1024x1024.png\" class=\"attachment-large size-large wp-image-1338\" alt=\"Cria\u00e7\u00e3o de websites, cria\u00e7\u00e3o de sites\" srcset=\"https:\/\/delvek.com.br\/wp-content\/uploads\/2023\/07\/142536542-2-1024x1024.png 1024w, https:\/\/delvek.com.br\/wp-content\/uploads\/2023\/07\/142536542-2-300x300.png 300w, https:\/\/delvek.com.br\/wp-content\/uploads\/2023\/07\/142536542-2-150x150.png 150w, https:\/\/delvek.com.br\/wp-content\/uploads\/2023\/07\/142536542-2-768x768.png 768w, https:\/\/delvek.com.br\/wp-content\/uploads\/2023\/07\/142536542-2-1536x1536.png 1536w, https:\/\/delvek.com.br\/wp-content\/uploads\/2023\/07\/142536542-2-230x230.png 230w, https:\/\/delvek.com.br\/wp-content\/uploads\/2023\/07\/142536542-2-400x400.png 400w, https:\/\/delvek.com.br\/wp-content\/uploads\/2023\/07\/142536542-2-600x600.png 600w, https:\/\/delvek.com.br\/wp-content\/uploads\/2023\/07\/142536542-2-640x640.png 640w, https:\/\/delvek.com.br\/wp-content\/uploads\/2023\/07\/142536542-2.png 1890w\" sizes=\"(max-width: 1024px) 100vw, 1024px\" \/>\t\t\t\t\t\t\t\t\t\t\t\t\t<\/div>\n\t\t\t\t<\/div>\n\t\t\t\t<\/div>\n\t\t<div class=\"elementor-element elementor-element-2eeb2c4 e-con-full e-flex e-con e-parent\" data-id=\"2eeb2c4\" data-element_type=\"container\">\n\t\t\t\t<div class=\"elementor-element elementor-element-3ad7ea1 elementor-widget elementor-widget-text-editor\" data-id=\"3ad7ea1\" data-element_type=\"widget\" data-widget_type=\"text-editor.default\">\n\t\t\t\t<div class=\"elementor-widget-container\">\n\t\t\t\t\t\t\t<h2><span style=\"color: #ffff99;\">Compromisso com a Qualidade<\/span><\/h2><p>\u00a0<\/p><div><p>Temos um compromisso em fornecer sites de alta qualidade, livres de erros e perfeitamente funcionais.<\/p><p>\u00a0<\/p><p>Realizamos testes rigorosos em todas as etapas do processo de cria\u00e7\u00e3o para garantir a funcionalidade adequada, a compatibilidade com diferentes dispositivos e a velocidade de carregamento otimizada.<\/p><\/div>\t\t\t\t\t\t<\/div>\n\t\t\t\t<\/div>\n\t\t\t\t<\/div>\n\t\t\t\t\t<\/div>\n\t\t\t\t<\/div>\n\t\t<div class=\"elementor-element elementor-element-eea61de e-flex e-con-boxed e-con e-parent\" data-id=\"eea61de\" data-element_type=\"container\">\n\t\t\t\t\t<div class=\"e-con-inner\">\n\t\t\t\t<div class=\"elementor-element elementor-element-4ef8562 elementor-widget__width-initial elementor-widget elementor-widget-image\" data-id=\"4ef8562\" data-element_type=\"widget\" data-widget_type=\"image.default\">\n\t\t\t\t<div class=\"elementor-widget-container\">\n\t\t\t\t\t\t\t\t\t\t\t\t\t<img decoding=\"async\" width=\"1170\" height=\"536\" src=\"https:\/\/delvek.com.br\/wp-content\/uploads\/2023\/07\/Together-Forever11-1-2-1170x536.png\" class=\"attachment-htmega_size_1170x536 size-htmega_size_1170x536 wp-image-1340\" alt=\"\" \/>\t\t\t\t\t\t\t\t\t\t\t\t\t<\/div>\n\t\t\t\t<\/div>\n\t\t\t\t\t<\/div>\n\t\t\t\t<\/div>\n\t\t<div class=\"elementor-element elementor-element-0795cce e-flex e-con-boxed e-con e-parent\" data-id=\"0795cce\" data-element_type=\"container\">\n\t\t\t\t\t<div class=\"e-con-inner\">\n\t\t\t\t<div class=\"elementor-element elementor-element-0ecbe60 elementor-align-center elementor-widget elementor-widget-button\" data-id=\"0ecbe60\" data-element_type=\"widget\" data-widget_type=\"button.default\">\n\t\t\t\t<div class=\"elementor-widget-container\">\n\t\t\t\t\t<div class=\"elementor-button-wrapper\">\n\t\t\t<a class=\"elementor-button elementor-button-link elementor-size-md elementor-animation-shrink\" href=\"https:\/\/delvek.com.br\/index.php\/contato\/\">\n\t\t\t\t\t\t<span class=\"elementor-button-content-wrapper\">\n\t\t\t\t\t\t\t\t\t<span class=\"elementor-button-text\">Pe\u00e7a j\u00e1 o seu<\/span>\n\t\t\t\t\t<\/span>\n\t\t\t\t\t<\/a>\n\t\t<\/div>\n\t\t\t\t<\/div>\n\t\t\t\t<\/div>\n\t\t\t\t\t<\/div>\n\t\t\t\t<\/div>\n\t\t<div class=\"elementor-element elementor-element-c8605ff e-flex e-con-boxed e-con e-parent\" data-id=\"c8605ff\" data-element_type=\"container\">\n\t\t\t\t\t<div class=\"e-con-inner\">\n\t\t\t\t<div class=\"elementor-element elementor-element-81aeb46 elementor-widget-divider--view-line elementor-widget elementor-widget-divider\" data-id=\"81aeb46\" data-element_type=\"widget\" data-widget_type=\"divider.default\">\n\t\t\t\t<div class=\"elementor-widget-container\">\n\t\t\t\t\t<div class=\"elementor-divider\">\n\t\t\t<span class=\"elementor-divider-separator\">\n\t\t\t\t\t\t<\/span>\n\t\t<\/div>\n\t\t\t\t<\/div>\n\t\t\t\t<\/div>\n\t\t\t\t\t<\/div>\n\t\t\t\t<\/div>\n\t\t\t\t<\/div>\n\t\t","protected":false},"excerpt":{"rendered":"<p>Cria\u00e7\u00e3o de Websites Se voc\u00ea busca uma presen\u00e7a online impactante e eficiente, voc\u00ea veio ao lugar certo.\u00a0 \u00a0 Na nossa empresa, somos especialistas em criar websites profissionais e personalizados que cativam o seu p\u00fablico-alvo e impulsionam o crescimento do seu neg\u00f3cio.\u00a0 \u00a0 Combinando design atraente, funcionalidade intuitiva e otimiza\u00e7\u00e3o para controle de busca, nossos sites [&hellip;]<\/p>\n","protected":false},"author":1,"featured_media":0,"parent":0,"menu_order":0,"comment_status":"closed","ping_status":"closed","template":"","meta":[],"_links":{"self":[{"href":"https:\/\/delvek.com.br\/index.php\/wp-json\/wp\/v2\/pages\/498"}],"collection":[{"href":"https:\/\/delvek.com.br\/index.php\/wp-json\/wp\/v2\/pages"}],"about":[{"href":"https:\/\/delvek.com.br\/index.php\/wp-json\/wp\/v2\/types\/page"}],"author":[{"embeddable":true,"href":"https:\/\/delvek.com.br\/index.php\/wp-json\/wp\/v2\/users\/1"}],"replies":[{"embeddable":true,"href":"https:\/\/delvek.com.br\/index.php\/wp-json\/wp\/v2\/comments?post=498"}],"version-history":[{"count":32,"href":"https:\/\/delvek.com.br\/index.php\/wp-json\/wp\/v2\/pages\/498\/revisions"}],"predecessor-version":[{"id":1481,"href":"https:\/\/delvek.com.br\/index.php\/wp-json\/wp\/v2\/pages\/498\/revisions\/1481"}],"wp:attachment":[{"href":"https:\/\/delvek.com.br\/index.php\/wp-json\/wp\/v2\/media?parent=498"}],"curies":[{"name":"wp","href":"https:\/\/api.w.org\/{rel}","templated":true}]}}