{"id":1426,"date":"2023-07-25T13:35:36","date_gmt":"2023-07-25T16:35:36","guid":{"rendered":"https:\/\/delvek.com.br\/?page_id=1426"},"modified":"2023-07-26T15:47:51","modified_gmt":"2023-07-26T18:47:51","slug":"rpa","status":"publish","type":"page","link":"https:\/\/delvek.com.br\/index.php\/rpa\/","title":{"rendered":"RPA"},"content":{"rendered":"\t\t<div data-elementor-type=\"wp-page\" data-elementor-id=\"1426\" class=\"elementor elementor-1426\">\n\t\t\t\t<div class=\"elementor-element elementor-element-3ed4613 e-flex e-con-boxed e-con e-parent\" data-id=\"3ed4613\" data-element_type=\"container\">\n\t\t\t\t\t<div class=\"e-con-inner\">\n\t\t\t\t<div class=\"elementor-element elementor-element-5ba6b66 elementor-widget elementor-widget-spacer\" data-id=\"5ba6b66\" data-element_type=\"widget\" data-widget_type=\"spacer.default\">\n\t\t\t\t<div class=\"elementor-widget-container\">\n\t\t\t<style>\/*! elementor - v3.21.0 - 25-04-2024 *\/\n.elementor-column .elementor-spacer-inner{height:var(--spacer-size)}.e-con{--container-widget-width:100%}.e-con-inner>.elementor-widget-spacer,.e-con>.elementor-widget-spacer{width:var(--container-widget-width,var(--spacer-size));--align-self:var(--container-widget-align-self,initial);--flex-shrink:0}.e-con-inner>.elementor-widget-spacer>.elementor-widget-container,.e-con>.elementor-widget-spacer>.elementor-widget-container{height:100%;width:100%}.e-con-inner>.elementor-widget-spacer>.elementor-widget-container>.elementor-spacer,.e-con>.elementor-widget-spacer>.elementor-widget-container>.elementor-spacer{height:100%}.e-con-inner>.elementor-widget-spacer>.elementor-widget-container>.elementor-spacer>.elementor-spacer-inner,.e-con>.elementor-widget-spacer>.elementor-widget-container>.elementor-spacer>.elementor-spacer-inner{height:var(--container-widget-height,var(--spacer-size))}.e-con-inner>.elementor-widget-spacer.elementor-widget-empty,.e-con>.elementor-widget-spacer.elementor-widget-empty{position:relative;min-height:22px;min-width:22px}.e-con-inner>.elementor-widget-spacer.elementor-widget-empty .elementor-widget-empty-icon,.e-con>.elementor-widget-spacer.elementor-widget-empty .elementor-widget-empty-icon{position:absolute;top:0;bottom:0;left:0;right:0;margin:auto;padding:0;width:22px;height:22px}<\/style>\t\t<div class=\"elementor-spacer\">\n\t\t\t<div class=\"elementor-spacer-inner\"><\/div>\n\t\t<\/div>\n\t\t\t\t<\/div>\n\t\t\t\t<\/div>\n\t\t\t\t\t<\/div>\n\t\t\t\t<\/div>\n\t\t<div class=\"elementor-element elementor-element-082c8e1 e-flex e-con-boxed e-con e-parent\" data-id=\"082c8e1\" data-element_type=\"container\" data-settings=\"{&quot;background_background&quot;:&quot;slideshow&quot;,&quot;background_slideshow_gallery&quot;:[{&quot;id&quot;:1412,&quot;url&quot;:&quot;https:\\\/\\\/delvek.com.br\\\/wp-content\\\/uploads\\\/2023\\\/07\\\/conceito-de-rpa-com-tela-de-toque-de-mao-embacada.jpg&quot;},{&quot;id&quot;:1429,&quot;url&quot;:&quot;https:\\\/\\\/delvek.com.br\\\/wp-content\\\/uploads\\\/2023\\\/07\\\/cientista-usando-mao-robotica.jpg&quot;}],&quot;background_slideshow_ken_burns&quot;:&quot;yes&quot;,&quot;background_slideshow_loop&quot;:&quot;yes&quot;,&quot;background_slideshow_slide_duration&quot;:5000,&quot;background_slideshow_slide_transition&quot;:&quot;fade&quot;,&quot;background_slideshow_transition_duration&quot;:500,&quot;background_slideshow_ken_burns_zoom_direction&quot;:&quot;in&quot;}\">\n\t\t\t\t\t<div class=\"e-con-inner\">\n\t\t\t\t<div class=\"elementor-element elementor-element-f13894b elementor-widget elementor-widget-heading\" data-id=\"f13894b\" data-element_type=\"widget\" data-widget_type=\"heading.default\">\n\t\t\t\t<div class=\"elementor-widget-container\">\n\t\t\t<style>\/*! elementor - v3.21.0 - 25-04-2024 *\/\n.elementor-heading-title{padding:0;margin:0;line-height:1}.elementor-widget-heading .elementor-heading-title[class*=elementor-size-]>a{color:inherit;font-size:inherit;line-height:inherit}.elementor-widget-heading .elementor-heading-title.elementor-size-small{font-size:15px}.elementor-widget-heading .elementor-heading-title.elementor-size-medium{font-size:19px}.elementor-widget-heading .elementor-heading-title.elementor-size-large{font-size:29px}.elementor-widget-heading .elementor-heading-title.elementor-size-xl{font-size:39px}.elementor-widget-heading .elementor-heading-title.elementor-size-xxl{font-size:59px}<\/style><h2 class=\"elementor-heading-title elementor-size-default\">RPA<\/h2>\t\t<\/div>\n\t\t\t\t<\/div>\n\t\t\t\t<div class=\"elementor-element elementor-element-1d91462 elementor-widget elementor-widget-text-editor\" data-id=\"1d91462\" data-element_type=\"widget\" data-widget_type=\"text-editor.default\">\n\t\t\t\t<div class=\"elementor-widget-container\">\n\t\t\t<style>\/*! elementor - v3.21.0 - 25-04-2024 *\/\n.elementor-widget-text-editor.elementor-drop-cap-view-stacked .elementor-drop-cap{background-color:#69727d;color:#fff}.elementor-widget-text-editor.elementor-drop-cap-view-framed .elementor-drop-cap{color:#69727d;border:3px solid;background-color:transparent}.elementor-widget-text-editor:not(.elementor-drop-cap-view-default) .elementor-drop-cap{margin-top:8px}.elementor-widget-text-editor:not(.elementor-drop-cap-view-default) .elementor-drop-cap-letter{width:1em;height:1em}.elementor-widget-text-editor .elementor-drop-cap{float:left;text-align:center;line-height:1;font-size:50px}.elementor-widget-text-editor .elementor-drop-cap-letter{display:inline-block}<\/style>\t\t\t\t<p><strong>Simplificando e Otimizando suas Opera\u00e7\u00f5es Empresariais<\/strong><\/p>\t\t\t\t\t\t<\/div>\n\t\t\t\t<\/div>\n\t\t\t\t\t<\/div>\n\t\t\t\t<\/div>\n\t\t<div class=\"elementor-element elementor-element-094da83 e-flex e-con-boxed e-con e-parent\" data-id=\"094da83\" data-element_type=\"container\">\n\t\t\t\t\t<div class=\"e-con-inner\">\n\t\t\t\t<div class=\"elementor-element elementor-element-1b46a03 elementor-widget-divider--view-line elementor-widget elementor-widget-divider\" data-id=\"1b46a03\" data-element_type=\"widget\" data-widget_type=\"divider.default\">\n\t\t\t\t<div class=\"elementor-widget-container\">\n\t\t\t<style>\/*! elementor - v3.21.0 - 25-04-2024 *\/\n.elementor-widget-divider{--divider-border-style:none;--divider-border-width:1px;--divider-color:#0c0d0e;--divider-icon-size:20px;--divider-element-spacing:10px;--divider-pattern-height:24px;--divider-pattern-size:20px;--divider-pattern-url:none;--divider-pattern-repeat:repeat-x}.elementor-widget-divider .elementor-divider{display:flex}.elementor-widget-divider .elementor-divider__text{font-size:15px;line-height:1;max-width:95%}.elementor-widget-divider .elementor-divider__element{margin:0 var(--divider-element-spacing);flex-shrink:0}.elementor-widget-divider .elementor-icon{font-size:var(--divider-icon-size)}.elementor-widget-divider .elementor-divider-separator{display:flex;margin:0;direction:ltr}.elementor-widget-divider--view-line_icon .elementor-divider-separator,.elementor-widget-divider--view-line_text .elementor-divider-separator{align-items:center}.elementor-widget-divider--view-line_icon .elementor-divider-separator:after,.elementor-widget-divider--view-line_icon .elementor-divider-separator:before,.elementor-widget-divider--view-line_text .elementor-divider-separator:after,.elementor-widget-divider--view-line_text .elementor-divider-separator:before{display:block;content:\"\";border-block-end:0;flex-grow:1;border-block-start:var(--divider-border-width) var(--divider-border-style) var(--divider-color)}.elementor-widget-divider--element-align-left .elementor-divider .elementor-divider-separator>.elementor-divider__svg:first-of-type{flex-grow:0;flex-shrink:100}.elementor-widget-divider--element-align-left .elementor-divider-separator:before{content:none}.elementor-widget-divider--element-align-left .elementor-divider__element{margin-left:0}.elementor-widget-divider--element-align-right .elementor-divider .elementor-divider-separator>.elementor-divider__svg:last-of-type{flex-grow:0;flex-shrink:100}.elementor-widget-divider--element-align-right .elementor-divider-separator:after{content:none}.elementor-widget-divider--element-align-right .elementor-divider__element{margin-right:0}.elementor-widget-divider--element-align-start .elementor-divider .elementor-divider-separator>.elementor-divider__svg:first-of-type{flex-grow:0;flex-shrink:100}.elementor-widget-divider--element-align-start .elementor-divider-separator:before{content:none}.elementor-widget-divider--element-align-start .elementor-divider__element{margin-inline-start:0}.elementor-widget-divider--element-align-end .elementor-divider .elementor-divider-separator>.elementor-divider__svg:last-of-type{flex-grow:0;flex-shrink:100}.elementor-widget-divider--element-align-end .elementor-divider-separator:after{content:none}.elementor-widget-divider--element-align-end .elementor-divider__element{margin-inline-end:0}.elementor-widget-divider:not(.elementor-widget-divider--view-line_text):not(.elementor-widget-divider--view-line_icon) .elementor-divider-separator{border-block-start:var(--divider-border-width) var(--divider-border-style) var(--divider-color)}.elementor-widget-divider--separator-type-pattern{--divider-border-style:none}.elementor-widget-divider--separator-type-pattern.elementor-widget-divider--view-line .elementor-divider-separator,.elementor-widget-divider--separator-type-pattern:not(.elementor-widget-divider--view-line) .elementor-divider-separator:after,.elementor-widget-divider--separator-type-pattern:not(.elementor-widget-divider--view-line) .elementor-divider-separator:before,.elementor-widget-divider--separator-type-pattern:not([class*=elementor-widget-divider--view]) .elementor-divider-separator{width:100%;min-height:var(--divider-pattern-height);-webkit-mask-size:var(--divider-pattern-size) 100%;mask-size:var(--divider-pattern-size) 100%;-webkit-mask-repeat:var(--divider-pattern-repeat);mask-repeat:var(--divider-pattern-repeat);background-color:var(--divider-color);-webkit-mask-image:var(--divider-pattern-url);mask-image:var(--divider-pattern-url)}.elementor-widget-divider--no-spacing{--divider-pattern-size:auto}.elementor-widget-divider--bg-round{--divider-pattern-repeat:round}.rtl .elementor-widget-divider .elementor-divider__text{direction:rtl}.e-con-inner>.elementor-widget-divider,.e-con>.elementor-widget-divider{width:var(--container-widget-width,100%);--flex-grow:var(--container-widget-flex-grow)}<\/style>\t\t<div class=\"elementor-divider\">\n\t\t\t<span class=\"elementor-divider-separator\">\n\t\t\t\t\t\t<\/span>\n\t\t<\/div>\n\t\t\t\t<\/div>\n\t\t\t\t<\/div>\n\t\t\t\t\t<\/div>\n\t\t\t\t<\/div>\n\t\t<div class=\"elementor-element elementor-element-8c20796 e-flex e-con-boxed e-con e-parent\" data-id=\"8c20796\" data-element_type=\"container\">\n\t\t\t\t\t<div class=\"e-con-inner\">\n\t\t<div class=\"elementor-element elementor-element-3477ce6 e-con-full elementor-hidden-tablet elementor-hidden-mobile e-flex e-con e-parent\" data-id=\"3477ce6\" data-element_type=\"container\">\n\t\t\t\t<div class=\"elementor-element elementor-element-35a1371 elementor-widget elementor-widget-image\" data-id=\"35a1371\" data-element_type=\"widget\" data-widget_type=\"image.default\">\n\t\t\t\t<div class=\"elementor-widget-container\">\n\t\t\t<style>\/*! elementor - v3.21.0 - 25-04-2024 *\/\n.elementor-widget-image{text-align:center}.elementor-widget-image a{display:inline-block}.elementor-widget-image a img[src$=\".svg\"]{width:48px}.elementor-widget-image img{vertical-align:middle;display:inline-block}<\/style>\t\t\t\t\t\t\t\t\t\t<img fetchpriority=\"high\" decoding=\"async\" width=\"300\" height=\"225\" src=\"https:\/\/delvek.com.br\/wp-content\/uploads\/2023\/07\/conceito-de-rpa-com-mao-robotica-300x225.jpg\" class=\"attachment-medium size-medium wp-image-1427\" alt=\"\" srcset=\"https:\/\/delvek.com.br\/wp-content\/uploads\/2023\/07\/conceito-de-rpa-com-mao-robotica-300x225.jpg 300w, https:\/\/delvek.com.br\/wp-content\/uploads\/2023\/07\/conceito-de-rpa-com-mao-robotica-1024x769.jpg 1024w, https:\/\/delvek.com.br\/wp-content\/uploads\/2023\/07\/conceito-de-rpa-com-mao-robotica-768x576.jpg 768w, https:\/\/delvek.com.br\/wp-content\/uploads\/2023\/07\/conceito-de-rpa-com-mao-robotica-1536x1153.jpg 1536w, https:\/\/delvek.com.br\/wp-content\/uploads\/2023\/07\/conceito-de-rpa-com-mao-robotica-600x450.jpg 600w, https:\/\/delvek.com.br\/wp-content\/uploads\/2023\/07\/conceito-de-rpa-com-mao-robotica.jpg 2000w\" sizes=\"(max-width: 300px) 100vw, 300px\" \/>\t\t\t\t\t\t\t\t\t\t\t\t\t<\/div>\n\t\t\t\t<\/div>\n\t\t\t\t<\/div>\n\t\t<div class=\"elementor-element elementor-element-de0e2ec e-con-full e-flex e-con e-parent\" data-id=\"de0e2ec\" data-element_type=\"container\">\n\t\t\t\t<div class=\"elementor-element elementor-element-c980203 elementor-widget elementor-widget-text-editor\" data-id=\"c980203\" data-element_type=\"widget\" data-widget_type=\"text-editor.default\">\n\t\t\t\t<div class=\"elementor-widget-container\">\n\t\t\t\t\t\t\t<p>No cen\u00e1rio empresarial moderno, a efici\u00eancia e a produtividade s\u00e3o fundamentais para o sucesso. As empresas buscam constantemente maneiras de otimizar suas opera\u00e7\u00f5es, reduzir custos e liberar recursos para atividades mais estrat\u00e9gicas. \u00c9 a\u00ed que a Automa\u00e7\u00e3o Rob\u00f3tica de Processos (RPA) se destaca como uma solu\u00e7\u00e3o inovadora e disruptiva, capaz de transformar a maneira como os neg\u00f3cios s\u00e3o executados.<\/p>\t\t\t\t\t\t<\/div>\n\t\t\t\t<\/div>\n\t\t\t\t<\/div>\n\t\t\t\t\t<\/div>\n\t\t\t\t<\/div>\n\t\t<div class=\"elementor-element elementor-element-a5c42d8 e-flex e-con-boxed e-con e-parent\" data-id=\"a5c42d8\" data-element_type=\"container\">\n\t\t\t\t\t<div class=\"e-con-inner\">\n\t\t\t\t<div class=\"elementor-element elementor-element-8b0fa45 elementor-widget elementor-widget-text-editor\" data-id=\"8b0fa45\" data-element_type=\"widget\" data-widget_type=\"text-editor.default\">\n\t\t\t\t<div class=\"elementor-widget-container\">\n\t\t\t\t\t\t\t<h3><span style=\"color: #ffff99;\"><strong>O que \u00e9 uma RPA?<\/strong><\/span><\/h3><p>A RPA \u00e9 uma tecnologia baseada em software que utiliza rob\u00f4s de software ou &#8220;bots&#8221; para automatizar tarefas repetitivas, manuais e de alto volume. Esses bots podem imitar a\u00e7\u00f5es humanas em sistemas de software, como acessar aplicativos, extrair dados, preencher formul\u00e1rios e executar processos complexos. A automa\u00e7\u00e3o rob\u00f3tica de processos n\u00e3o requer altera\u00e7\u00f5es nos sistemas existentes, pois interage diretamente com a interface do usu\u00e1rio, tornando a implementa\u00e7\u00e3o r\u00e1pida e sem interrup\u00e7\u00f5es.<\/p>\t\t\t\t\t\t<\/div>\n\t\t\t\t<\/div>\n\t\t\t\t\t<\/div>\n\t\t\t\t<\/div>\n\t\t<div class=\"elementor-element elementor-element-4d7d669 e-flex e-con-boxed e-con e-parent\" data-id=\"4d7d669\" data-element_type=\"container\">\n\t\t\t\t\t<div class=\"e-con-inner\">\n\t\t\t\t<div class=\"elementor-element elementor-element-2df5e33 elementor-widget elementor-widget-image\" data-id=\"2df5e33\" data-element_type=\"widget\" data-widget_type=\"image.default\">\n\t\t\t\t<div class=\"elementor-widget-container\">\n\t\t\t\t\t\t\t\t\t\t\t\t\t<img decoding=\"async\" width=\"1024\" height=\"684\" src=\"https:\/\/delvek.com.br\/wp-content\/uploads\/2023\/07\/conceito-de-rpa-com-as-maos-segurando-o-tablet-1024x684.jpg\" class=\"attachment-large size-large wp-image-1428\" alt=\"\" srcset=\"https:\/\/delvek.com.br\/wp-content\/uploads\/2023\/07\/conceito-de-rpa-com-as-maos-segurando-o-tablet-1024x684.jpg 1024w, https:\/\/delvek.com.br\/wp-content\/uploads\/2023\/07\/conceito-de-rpa-com-as-maos-segurando-o-tablet-300x200.jpg 300w, https:\/\/delvek.com.br\/wp-content\/uploads\/2023\/07\/conceito-de-rpa-com-as-maos-segurando-o-tablet-768x513.jpg 768w, https:\/\/delvek.com.br\/wp-content\/uploads\/2023\/07\/conceito-de-rpa-com-as-maos-segurando-o-tablet-1536x1025.jpg 1536w, https:\/\/delvek.com.br\/wp-content\/uploads\/2023\/07\/conceito-de-rpa-com-as-maos-segurando-o-tablet-600x401.jpg 600w, https:\/\/delvek.com.br\/wp-content\/uploads\/2023\/07\/conceito-de-rpa-com-as-maos-segurando-o-tablet.jpg 2000w\" sizes=\"(max-width: 1024px) 100vw, 1024px\" \/>\t\t\t\t\t\t\t\t\t\t\t\t\t<\/div>\n\t\t\t\t<\/div>\n\t\t\t\t<div class=\"elementor-element elementor-element-3b76799 elementor-widget__width-initial elementor-widget elementor-widget-text-editor\" data-id=\"3b76799\" data-element_type=\"widget\" data-widget_type=\"text-editor.default\">\n\t\t\t\t<div class=\"elementor-widget-container\">\n\t\t\t\t\t\t\t<h5><strong><span style=\"color: #ffff99;\">Aumento da Efici\u00eancia e Produtividade:<\/span> <\/strong><\/h5><p>Com a RPA, tarefas demoradas e propensas a erros s\u00e3o executadas de forma r\u00e1pida e precisa pelos bots, liberando os colaboradores para se concentrarem em atividades mais estrat\u00e9gicas e de maior valor agregado.<\/p><h5><span style=\"color: #ffff99;\"><strong>Redu\u00e7\u00e3o de Custos Operacionais:<\/strong> <\/span><\/h5><p>A automa\u00e7\u00e3o de processos permite a redu\u00e7\u00e3o de custos associados a erros humanos, retrabalhos e horas extras, resultando em economias significativas para a empresa.<\/p>\t\t\t\t\t\t<\/div>\n\t\t\t\t<\/div>\n\t\t\t\t\t<\/div>\n\t\t\t\t<\/div>\n\t\t<div class=\"elementor-element elementor-element-88a91bf e-flex e-con-boxed e-con e-parent\" data-id=\"88a91bf\" data-element_type=\"container\">\n\t\t\t\t\t<div class=\"e-con-inner\">\n\t\t\t\t<div class=\"elementor-element elementor-element-00d839d elementor-widget__width-initial elementor-widget elementor-widget-text-editor\" data-id=\"00d839d\" data-element_type=\"widget\" data-widget_type=\"text-editor.default\">\n\t\t\t\t<div class=\"elementor-widget-container\">\n\t\t\t\t\t\t\t<h5><span style=\"color: #ffff99;\"><strong>Agilidade e Flexibilidade:<\/strong> <\/span><\/h5><p>Os bots de RPA podem ser escalados de acordo com as necessidades do neg\u00f3cio, permitindo que a empresa se adapte rapidamente a picos de demanda ou mudan\u00e7as no ambiente de neg\u00f3cios.<\/p><h5><span style=\"color: #ffff99;\"><strong>Precis\u00e3o e Conformidade:<\/strong> <\/span><\/h5><p>A RPA executa tarefas com precis\u00e3o e consist\u00eancia, reduzindo erros e garantindo conformidade com regulamenta\u00e7\u00f5es e pol\u00edticas internas.<\/p><h5><span style=\"color: #ffff99;\"><strong>Maior Satisfa\u00e7\u00e3o do Cliente:<\/strong> <\/span><\/h5><p>Com processos mais \u00e1geis e eficientes, a empresa pode oferecer um servi\u00e7o mais r\u00e1pido e de qualidade superior, resultando em maior satisfa\u00e7\u00e3o do cliente.<\/p>\t\t\t\t\t\t<\/div>\n\t\t\t\t<\/div>\n\t\t\t\t<div class=\"elementor-element elementor-element-9d341c2 elementor-widget elementor-widget-image\" data-id=\"9d341c2\" data-element_type=\"widget\" data-widget_type=\"image.default\">\n\t\t\t\t<div class=\"elementor-widget-container\">\n\t\t\t\t\t\t\t\t\t\t\t\t\t<img decoding=\"async\" width=\"1024\" height=\"680\" src=\"https:\/\/delvek.com.br\/wp-content\/uploads\/2023\/07\/braco-robotico-e-holograma-rpa-1024x680.jpg\" class=\"attachment-large size-large wp-image-1430\" alt=\"\" srcset=\"https:\/\/delvek.com.br\/wp-content\/uploads\/2023\/07\/braco-robotico-e-holograma-rpa-1024x680.jpg 1024w, https:\/\/delvek.com.br\/wp-content\/uploads\/2023\/07\/braco-robotico-e-holograma-rpa-300x199.jpg 300w, https:\/\/delvek.com.br\/wp-content\/uploads\/2023\/07\/braco-robotico-e-holograma-rpa-768x510.jpg 768w, https:\/\/delvek.com.br\/wp-content\/uploads\/2023\/07\/braco-robotico-e-holograma-rpa-1536x1021.jpg 1536w, https:\/\/delvek.com.br\/wp-content\/uploads\/2023\/07\/braco-robotico-e-holograma-rpa-600x399.jpg 600w, https:\/\/delvek.com.br\/wp-content\/uploads\/2023\/07\/braco-robotico-e-holograma-rpa.jpg 2000w\" sizes=\"(max-width: 1024px) 100vw, 1024px\" \/>\t\t\t\t\t\t\t\t\t\t\t\t\t<\/div>\n\t\t\t\t<\/div>\n\t\t\t\t\t<\/div>\n\t\t\t\t<\/div>\n\t\t<div class=\"elementor-element elementor-element-5127930 e-flex e-con-boxed e-con e-parent\" data-id=\"5127930\" data-element_type=\"container\">\n\t\t\t\t\t<div class=\"e-con-inner\">\n\t\t\t\t<div class=\"elementor-element elementor-element-1d562e2 elementor-widget__width-initial elementor-widget elementor-widget-text-editor\" data-id=\"1d562e2\" data-element_type=\"widget\" data-widget_type=\"text-editor.default\">\n\t\t\t\t<div class=\"elementor-widget-container\">\n\t\t\t\t\t\t\t<p>A Automa\u00e7\u00e3o Rob\u00f3tica de Processos (RPA) \u00e9 uma tecnologia disruptiva que oferece uma abordagem inovadora para aumentar a efici\u00eancia, reduzir custos e impulsionar o sucesso do seu neg\u00f3cio. Na Delvek, estamos comprometidos em oferecer solu\u00e7\u00f5es avan\u00e7adas de RPA que alavancam o potencial da sua empresa, permitindo que voc\u00ea se concentre no crescimento e na excel\u00eancia operacional.<\/p><p>Entre em contato conosco hoje mesmo e descubra como a RPA pode transformar a sua empresa, simplificando e otimizando suas opera\u00e7\u00f5es empresariais. Juntos, vamos impulsionar o seu neg\u00f3cio rumo a um futuro mais eficiente, \u00e1gil e bem-sucedido atrav\u00e9s da automa\u00e7\u00e3o rob\u00f3tica de processos.<\/p><p>\u00a0<\/p><p><span style=\"color: var( --e-global-color-text ); letter-spacing: 0px;\">Estamos ansiosos para trabalhar com voc\u00ea!<\/span><\/p>\t\t\t\t\t\t<\/div>\n\t\t\t\t<\/div>\n\t\t\t\t\t<\/div>\n\t\t\t\t<\/div>\n\t\t<div class=\"elementor-element elementor-element-39c4393 e-flex e-con-boxed e-con e-parent\" data-id=\"39c4393\" data-element_type=\"container\">\n\t\t\t\t\t<div class=\"e-con-inner\">\n\t\t\t\t<div class=\"elementor-element elementor-element-c15fa0c elementor-align-center elementor-widget elementor-widget-button\" data-id=\"c15fa0c\" data-element_type=\"widget\" data-widget_type=\"button.default\">\n\t\t\t\t<div class=\"elementor-widget-container\">\n\t\t\t\t\t<div class=\"elementor-button-wrapper\">\n\t\t\t<a class=\"elementor-button elementor-button-link elementor-size-md elementor-animation-shrink\" href=\"https:\/\/delvek.com.br\/index.php\/contato\/\">\n\t\t\t\t\t\t<span class=\"elementor-button-content-wrapper\">\n\t\t\t\t\t\t\t\t\t<span class=\"elementor-button-text\">Or\u00e7amento<\/span>\n\t\t\t\t\t<\/span>\n\t\t\t\t\t<\/a>\n\t\t<\/div>\n\t\t\t\t<\/div>\n\t\t\t\t<\/div>\n\t\t\t\t\t<\/div>\n\t\t\t\t<\/div>\n\t\t<div class=\"elementor-element elementor-element-bf79441 e-flex e-con-boxed e-con e-parent\" data-id=\"bf79441\" data-element_type=\"container\">\n\t\t\t\t\t<div class=\"e-con-inner\">\n\t\t\t\t<div class=\"elementor-element elementor-element-d3fd570 elementor-widget-divider--view-line elementor-widget elementor-widget-divider\" data-id=\"d3fd570\" data-element_type=\"widget\" data-widget_type=\"divider.default\">\n\t\t\t\t<div class=\"elementor-widget-container\">\n\t\t\t\t\t<div class=\"elementor-divider\">\n\t\t\t<span class=\"elementor-divider-separator\">\n\t\t\t\t\t\t<\/span>\n\t\t<\/div>\n\t\t\t\t<\/div>\n\t\t\t\t<\/div>\n\t\t\t\t\t<\/div>\n\t\t\t\t<\/div>\n\t\t\t\t<\/div>\n\t\t","protected":false},"excerpt":{"rendered":"<p>RPA Simplificando e Otimizando suas Opera\u00e7\u00f5es Empresariais No cen\u00e1rio empresarial moderno, a efici\u00eancia e a produtividade s\u00e3o fundamentais para o sucesso. As empresas buscam constantemente maneiras de otimizar suas opera\u00e7\u00f5es, reduzir custos e liberar recursos para atividades mais estrat\u00e9gicas. \u00c9 a\u00ed que a Automa\u00e7\u00e3o Rob\u00f3tica de Processos (RPA) se destaca como uma solu\u00e7\u00e3o inovadora e [&hellip;]<\/p>\n","protected":false},"author":1,"featured_media":0,"parent":0,"menu_order":0,"comment_status":"closed","ping_status":"closed","template":"","meta":[],"_links":{"self":[{"href":"https:\/\/delvek.com.br\/index.php\/wp-json\/wp\/v2\/pages\/1426"}],"collection":[{"href":"https:\/\/delvek.com.br\/index.php\/wp-json\/wp\/v2\/pages"}],"about":[{"href":"https:\/\/delvek.com.br\/index.php\/wp-json\/wp\/v2\/types\/page"}],"author":[{"embeddable":true,"href":"https:\/\/delvek.com.br\/index.php\/wp-json\/wp\/v2\/users\/1"}],"replies":[{"embeddable":true,"href":"https:\/\/delvek.com.br\/index.php\/wp-json\/wp\/v2\/comments?post=1426"}],"version-history":[{"count":13,"href":"https:\/\/delvek.com.br\/index.php\/wp-json\/wp\/v2\/pages\/1426\/revisions"}],"predecessor-version":[{"id":1497,"href":"https:\/\/delvek.com.br\/index.php\/wp-json\/wp\/v2\/pages\/1426\/revisions\/1497"}],"wp:attachment":[{"href":"https:\/\/delvek.com.br\/index.php\/wp-json\/wp\/v2\/media?parent=1426"}],"curies":[{"name":"wp","href":"https:\/\/api.w.org\/{rel}","templated":true}]}}