{"id":1372,"date":"2023-07-21T12:11:44","date_gmt":"2023-07-21T15:11:44","guid":{"rendered":"https:\/\/delvek.com.br\/?page_id=1372"},"modified":"2023-07-26T15:48:58","modified_gmt":"2023-07-26T18:48:58","slug":"estatisticas-e-b-i","status":"publish","type":"page","link":"https:\/\/delvek.com.br\/index.php\/estatisticas-e-b-i\/","title":{"rendered":"Estat\u00edsticas e B.I"},"content":{"rendered":"\t\t<div data-elementor-type=\"wp-page\" data-elementor-id=\"1372\" class=\"elementor elementor-1372\">\n\t\t\t\t<div class=\"elementor-element elementor-element-3ed4613 e-flex e-con-boxed e-con e-parent\" data-id=\"3ed4613\" data-element_type=\"container\">\n\t\t\t\t\t<div class=\"e-con-inner\">\n\t\t\t\t<div class=\"elementor-element elementor-element-5ba6b66 elementor-widget elementor-widget-spacer\" data-id=\"5ba6b66\" data-element_type=\"widget\" data-widget_type=\"spacer.default\">\n\t\t\t\t<div class=\"elementor-widget-container\">\n\t\t\t<style>\/*! elementor - v3.21.0 - 25-04-2024 *\/\n.elementor-column .elementor-spacer-inner{height:var(--spacer-size)}.e-con{--container-widget-width:100%}.e-con-inner>.elementor-widget-spacer,.e-con>.elementor-widget-spacer{width:var(--container-widget-width,var(--spacer-size));--align-self:var(--container-widget-align-self,initial);--flex-shrink:0}.e-con-inner>.elementor-widget-spacer>.elementor-widget-container,.e-con>.elementor-widget-spacer>.elementor-widget-container{height:100%;width:100%}.e-con-inner>.elementor-widget-spacer>.elementor-widget-container>.elementor-spacer,.e-con>.elementor-widget-spacer>.elementor-widget-container>.elementor-spacer{height:100%}.e-con-inner>.elementor-widget-spacer>.elementor-widget-container>.elementor-spacer>.elementor-spacer-inner,.e-con>.elementor-widget-spacer>.elementor-widget-container>.elementor-spacer>.elementor-spacer-inner{height:var(--container-widget-height,var(--spacer-size))}.e-con-inner>.elementor-widget-spacer.elementor-widget-empty,.e-con>.elementor-widget-spacer.elementor-widget-empty{position:relative;min-height:22px;min-width:22px}.e-con-inner>.elementor-widget-spacer.elementor-widget-empty .elementor-widget-empty-icon,.e-con>.elementor-widget-spacer.elementor-widget-empty .elementor-widget-empty-icon{position:absolute;top:0;bottom:0;left:0;right:0;margin:auto;padding:0;width:22px;height:22px}<\/style>\t\t<div class=\"elementor-spacer\">\n\t\t\t<div class=\"elementor-spacer-inner\"><\/div>\n\t\t<\/div>\n\t\t\t\t<\/div>\n\t\t\t\t<\/div>\n\t\t\t\t\t<\/div>\n\t\t\t\t<\/div>\n\t\t<div class=\"elementor-element elementor-element-cc51587 e-flex e-con-boxed e-con e-parent\" data-id=\"cc51587\" data-element_type=\"container\">\n\t\t\t\t\t<div class=\"e-con-inner\">\n\t\t\t\t<div class=\"elementor-element elementor-element-9ee8d37 elementor-widget elementor-widget-heading\" data-id=\"9ee8d37\" data-element_type=\"widget\" data-widget_type=\"heading.default\">\n\t\t\t\t<div class=\"elementor-widget-container\">\n\t\t\t<style>\/*! elementor - v3.21.0 - 25-04-2024 *\/\n.elementor-heading-title{padding:0;margin:0;line-height:1}.elementor-widget-heading .elementor-heading-title[class*=elementor-size-]>a{color:inherit;font-size:inherit;line-height:inherit}.elementor-widget-heading .elementor-heading-title.elementor-size-small{font-size:15px}.elementor-widget-heading .elementor-heading-title.elementor-size-medium{font-size:19px}.elementor-widget-heading .elementor-heading-title.elementor-size-large{font-size:29px}.elementor-widget-heading .elementor-heading-title.elementor-size-xl{font-size:39px}.elementor-widget-heading .elementor-heading-title.elementor-size-xxl{font-size:59px}<\/style><h1 class=\"elementor-heading-title elementor-size-default\">Estat\u00edsticas e B.I<\/h1>\t\t<\/div>\n\t\t\t\t<\/div>\n\t\t\t\t<div class=\"elementor-element elementor-element-43c3fe5 elementor-widget elementor-widget-text-editor\" data-id=\"43c3fe5\" data-element_type=\"widget\" data-widget_type=\"text-editor.default\">\n\t\t\t\t<div class=\"elementor-widget-container\">\n\t\t\t<style>\/*! elementor - v3.21.0 - 25-04-2024 *\/\n.elementor-widget-text-editor.elementor-drop-cap-view-stacked .elementor-drop-cap{background-color:#69727d;color:#fff}.elementor-widget-text-editor.elementor-drop-cap-view-framed .elementor-drop-cap{color:#69727d;border:3px solid;background-color:transparent}.elementor-widget-text-editor:not(.elementor-drop-cap-view-default) .elementor-drop-cap{margin-top:8px}.elementor-widget-text-editor:not(.elementor-drop-cap-view-default) .elementor-drop-cap-letter{width:1em;height:1em}.elementor-widget-text-editor .elementor-drop-cap{float:left;text-align:center;line-height:1;font-size:50px}.elementor-widget-text-editor .elementor-drop-cap-letter{display:inline-block}<\/style>\t\t\t\t<p>Desbloqueando o poder dos dados: Estat\u00edsticas precisas, resultados extraordin\u00e1rios.<\/p>\t\t\t\t\t\t<\/div>\n\t\t\t\t<\/div>\n\t\t\t\t\t<\/div>\n\t\t\t\t<\/div>\n\t\t<div class=\"elementor-element elementor-element-8436888 e-flex e-con-boxed e-con e-parent\" data-id=\"8436888\" data-element_type=\"container\">\n\t\t\t\t\t<div class=\"e-con-inner\">\n\t\t\t\t<div class=\"elementor-element elementor-element-3165d1a elementor-widget-divider--view-line elementor-widget elementor-widget-divider\" data-id=\"3165d1a\" data-element_type=\"widget\" data-widget_type=\"divider.default\">\n\t\t\t\t<div class=\"elementor-widget-container\">\n\t\t\t<style>\/*! elementor - v3.21.0 - 25-04-2024 *\/\n.elementor-widget-divider{--divider-border-style:none;--divider-border-width:1px;--divider-color:#0c0d0e;--divider-icon-size:20px;--divider-element-spacing:10px;--divider-pattern-height:24px;--divider-pattern-size:20px;--divider-pattern-url:none;--divider-pattern-repeat:repeat-x}.elementor-widget-divider .elementor-divider{display:flex}.elementor-widget-divider .elementor-divider__text{font-size:15px;line-height:1;max-width:95%}.elementor-widget-divider .elementor-divider__element{margin:0 var(--divider-element-spacing);flex-shrink:0}.elementor-widget-divider .elementor-icon{font-size:var(--divider-icon-size)}.elementor-widget-divider .elementor-divider-separator{display:flex;margin:0;direction:ltr}.elementor-widget-divider--view-line_icon .elementor-divider-separator,.elementor-widget-divider--view-line_text .elementor-divider-separator{align-items:center}.elementor-widget-divider--view-line_icon .elementor-divider-separator:after,.elementor-widget-divider--view-line_icon .elementor-divider-separator:before,.elementor-widget-divider--view-line_text .elementor-divider-separator:after,.elementor-widget-divider--view-line_text .elementor-divider-separator:before{display:block;content:\"\";border-block-end:0;flex-grow:1;border-block-start:var(--divider-border-width) var(--divider-border-style) var(--divider-color)}.elementor-widget-divider--element-align-left .elementor-divider .elementor-divider-separator>.elementor-divider__svg:first-of-type{flex-grow:0;flex-shrink:100}.elementor-widget-divider--element-align-left .elementor-divider-separator:before{content:none}.elementor-widget-divider--element-align-left .elementor-divider__element{margin-left:0}.elementor-widget-divider--element-align-right .elementor-divider .elementor-divider-separator>.elementor-divider__svg:last-of-type{flex-grow:0;flex-shrink:100}.elementor-widget-divider--element-align-right .elementor-divider-separator:after{content:none}.elementor-widget-divider--element-align-right .elementor-divider__element{margin-right:0}.elementor-widget-divider--element-align-start .elementor-divider .elementor-divider-separator>.elementor-divider__svg:first-of-type{flex-grow:0;flex-shrink:100}.elementor-widget-divider--element-align-start .elementor-divider-separator:before{content:none}.elementor-widget-divider--element-align-start .elementor-divider__element{margin-inline-start:0}.elementor-widget-divider--element-align-end .elementor-divider .elementor-divider-separator>.elementor-divider__svg:last-of-type{flex-grow:0;flex-shrink:100}.elementor-widget-divider--element-align-end .elementor-divider-separator:after{content:none}.elementor-widget-divider--element-align-end .elementor-divider__element{margin-inline-end:0}.elementor-widget-divider:not(.elementor-widget-divider--view-line_text):not(.elementor-widget-divider--view-line_icon) .elementor-divider-separator{border-block-start:var(--divider-border-width) var(--divider-border-style) var(--divider-color)}.elementor-widget-divider--separator-type-pattern{--divider-border-style:none}.elementor-widget-divider--separator-type-pattern.elementor-widget-divider--view-line .elementor-divider-separator,.elementor-widget-divider--separator-type-pattern:not(.elementor-widget-divider--view-line) .elementor-divider-separator:after,.elementor-widget-divider--separator-type-pattern:not(.elementor-widget-divider--view-line) .elementor-divider-separator:before,.elementor-widget-divider--separator-type-pattern:not([class*=elementor-widget-divider--view]) .elementor-divider-separator{width:100%;min-height:var(--divider-pattern-height);-webkit-mask-size:var(--divider-pattern-size) 100%;mask-size:var(--divider-pattern-size) 100%;-webkit-mask-repeat:var(--divider-pattern-repeat);mask-repeat:var(--divider-pattern-repeat);background-color:var(--divider-color);-webkit-mask-image:var(--divider-pattern-url);mask-image:var(--divider-pattern-url)}.elementor-widget-divider--no-spacing{--divider-pattern-size:auto}.elementor-widget-divider--bg-round{--divider-pattern-repeat:round}.rtl .elementor-widget-divider .elementor-divider__text{direction:rtl}.e-con-inner>.elementor-widget-divider,.e-con>.elementor-widget-divider{width:var(--container-widget-width,100%);--flex-grow:var(--container-widget-flex-grow)}<\/style>\t\t<div class=\"elementor-divider\">\n\t\t\t<span class=\"elementor-divider-separator\">\n\t\t\t\t\t\t<\/span>\n\t\t<\/div>\n\t\t\t\t<\/div>\n\t\t\t\t<\/div>\n\t\t\t\t\t<\/div>\n\t\t\t\t<\/div>\n\t\t<div class=\"elementor-element elementor-element-e3e623a e-flex e-con-boxed e-con e-parent\" data-id=\"e3e623a\" data-element_type=\"container\">\n\t\t\t\t\t<div class=\"e-con-inner\">\n\t\t\t\t<div class=\"elementor-element elementor-element-299bc37 elementor-widget elementor-widget-heading\" data-id=\"299bc37\" data-element_type=\"widget\" data-widget_type=\"heading.default\">\n\t\t\t\t<div class=\"elementor-widget-container\">\n\t\t\t<h2 class=\"elementor-heading-title elementor-size-default\">Transformando Dados em Conhecimento Estrat\u00e9gico<\/h2>\t\t<\/div>\n\t\t\t\t<\/div>\n\t\t\t\t<div class=\"elementor-element elementor-element-8ca79bd elementor-widget elementor-widget-text-editor\" data-id=\"8ca79bd\" data-element_type=\"widget\" data-widget_type=\"text-editor.default\">\n\t\t\t\t<div class=\"elementor-widget-container\">\n\t\t\t\t\t\t\t<p>Na era da informa\u00e7\u00e3o, dados s\u00e3o abundantes e essenciais para o sucesso das empresas. No entanto, a mera coleta de informa\u00e7\u00f5es n\u00e3o \u00e9 suficiente para impulsionar o crescimento ou tomar decis\u00f5es estrat\u00e9gicas. \u00c9 aqui que entra o papel fundamental da Estat\u00edstica e Business Intelligence (B.I), uma poderosa combina\u00e7\u00e3o que permite transformar dados em conhecimento acion\u00e1vel e insights valiosos.<\/p>\t\t\t\t\t\t<\/div>\n\t\t\t\t<\/div>\n\t\t\t\t<div class=\"elementor-element elementor-element-87836e0 elementor-widget elementor-widget-text-editor\" data-id=\"87836e0\" data-element_type=\"widget\" data-widget_type=\"text-editor.default\">\n\t\t\t\t<div class=\"elementor-widget-container\">\n\t\t\t\t\t\t\t<div class=\"flex-1 overflow-hidden\"><div class=\"react-scroll-to-bottom--css-yxcny-79elbk h-full dark:bg-gray-800\"><div class=\"react-scroll-to-bottom--css-yxcny-1n7m0yu\"><div class=\"flex flex-col text-sm dark:bg-gray-800\"><div class=\"group w-full text-gray-800 dark:text-gray-100 border-b border-black\/10 dark:border-gray-900\/50 bg-gray-50 dark:bg-[#444654]\"><div class=\"flex p-4 gap-4 text-base md:gap-6 md:max-w-2xl lg:max-w-[38rem] xl:max-w-3xl md:py-6 lg:px-0 m-auto\"><div class=\"relative flex w-[calc(100%-50px)] flex-col gap-1 md:gap-3 lg:w-[calc(100%-115px)]\"><div class=\"flex flex-grow flex-col gap-3\"><div class=\"min-h-[20px] flex items-start overflow-x-auto whitespace-pre-wrap break-words flex-col gap-4\"><div class=\"markdown prose w-full break-words dark:prose-invert light\"><h5><strong><span style=\"color: #ffff99;\">Estat\u00edstica &amp; Business Intelligence<\/span><\/strong><\/h5><p>A Estat\u00edstica \u00e9 uma ci\u00eancia que envolve a coleta, an\u00e1lise e interpreta\u00e7\u00e3o de dados para identificar padr\u00f5es, tend\u00eancias e rela\u00e7\u00f5es significativas. J\u00e1 o Business Intelligence \u00e9 um conjunto de t\u00e9cnicas e ferramentas que permitem a coleta, organiza\u00e7\u00e3o e an\u00e1lise de dados para suportar a tomada de decis\u00f5es estrat\u00e9gicas nas empresas. Quando combinadas, a Estat\u00edstica e B.I oferecem uma vis\u00e3o mais profunda do desempenho do neg\u00f3cio, facilitando a identifica\u00e7\u00e3o de oportunidades e o enfrentamento de desafios com informa\u00e7\u00f5es fundamentadas.<\/p><\/div><\/div><\/div><\/div><\/div><\/div><\/div><\/div><\/div><\/div>\t\t\t\t\t\t<\/div>\n\t\t\t\t<\/div>\n\t\t\t\t\t<\/div>\n\t\t\t\t<\/div>\n\t\t<div class=\"elementor-element elementor-element-95a0207 e-con-full e-flex e-con e-parent\" data-id=\"95a0207\" data-element_type=\"container\">\n\t\t<div class=\"elementor-element elementor-element-bce0ad2 e-con-full e-flex e-con e-parent\" data-id=\"bce0ad2\" data-element_type=\"container\">\n\t\t\t\t<div class=\"elementor-element elementor-element-165a1b1 elementor-widget-tablet__width-inherit elementor-widget elementor-widget-text-editor\" data-id=\"165a1b1\" data-element_type=\"widget\" data-widget_type=\"text-editor.default\">\n\t\t\t\t<div class=\"elementor-widget-container\">\n\t\t\t\t\t\t\t<h5><span style=\"color: #ffff99;\"><strong>Benef\u00edcios da Estat\u00edstica e B.I<\/strong><\/span><\/h5><ol><li><p><strong>Tomada de Decis\u00e3o Informada:<\/strong> A Estat\u00edstica e B.I fornecem uma base s\u00f3lida para a tomada de decis\u00f5es informadas, reduzindo a incerteza e minimizando os riscos associados a escolhas estrat\u00e9gicas.<\/p><\/li><li><p><strong>Identifica\u00e7\u00e3o de Tend\u00eancias e Oportunidades:<\/strong> Com an\u00e1lises estat\u00edsticas avan\u00e7adas e a capacidade de explorar grandes volumes de dados, \u00e9 poss\u00edvel identificar tend\u00eancias emergentes e oportunidades de crescimento antes que se tornem \u00f3bvias.<\/p><\/li><li><p><strong>Aprimoramento da Efici\u00eancia Operacional:<\/strong> Atrav\u00e9s da an\u00e1lise de dados operacionais, a Estat\u00edstica e B.I permitem identificar gargalos e pontos de melhoria, otimizando processos e aumentando a efici\u00eancia da empresa.<\/p><\/li><li><p><strong>Compreens\u00e3o do Comportamento do Cliente:<\/strong> Ao analisar dados de clientes, \u00e9 poss\u00edvel entender melhor suas prefer\u00eancias e comportamentos, permitindo a cria\u00e7\u00e3o de estrat\u00e9gias de marketing e vendas mais eficazes.<\/p><\/li><li><p><strong>Personaliza\u00e7\u00e3o de Experi\u00eancias:<\/strong> A Estat\u00edstica e B.I permitem segmentar o p\u00fablico-alvo e personalizar experi\u00eancias, resultando em um engajamento mais significativo e duradouro com os clientes.<\/p><\/li><\/ol>\t\t\t\t\t\t<\/div>\n\t\t\t\t<\/div>\n\t\t\t\t<\/div>\n\t\t<div class=\"elementor-element elementor-element-cfb3c9c e-con-full e-flex e-con e-parent\" data-id=\"cfb3c9c\" data-element_type=\"container\">\n\t\t<div class=\"elementor-element elementor-element-d286334 e-flex e-con-boxed e-con e-parent\" data-id=\"d286334\" data-element_type=\"container\">\n\t\t\t\t\t<div class=\"e-con-inner\">\n\t\t\t\t<div class=\"elementor-element elementor-element-1e2bee8 elementor-widget elementor-widget-image\" data-id=\"1e2bee8\" data-element_type=\"widget\" data-widget_type=\"image.default\">\n\t\t\t\t<div class=\"elementor-widget-container\">\n\t\t\t<style>\/*! elementor - v3.21.0 - 25-04-2024 *\/\n.elementor-widget-image{text-align:center}.elementor-widget-image a{display:inline-block}.elementor-widget-image a img[src$=\".svg\"]{width:48px}.elementor-widget-image img{vertical-align:middle;display:inline-block}<\/style>\t\t\t\t\t\t\t\t\t\t<img fetchpriority=\"high\" decoding=\"async\" width=\"1024\" height=\"682\" src=\"https:\/\/delvek.com.br\/wp-content\/uploads\/2023\/07\/trabalho-de-economia-economica-laptop-de-discussao-masculina-1024x682.jpg\" class=\"attachment-large size-large wp-image-1383\" alt=\"\" srcset=\"https:\/\/delvek.com.br\/wp-content\/uploads\/2023\/07\/trabalho-de-economia-economica-laptop-de-discussao-masculina-1024x682.jpg 1024w, https:\/\/delvek.com.br\/wp-content\/uploads\/2023\/07\/trabalho-de-economia-economica-laptop-de-discussao-masculina-300x200.jpg 300w, https:\/\/delvek.com.br\/wp-content\/uploads\/2023\/07\/trabalho-de-economia-economica-laptop-de-discussao-masculina-768x512.jpg 768w, https:\/\/delvek.com.br\/wp-content\/uploads\/2023\/07\/trabalho-de-economia-economica-laptop-de-discussao-masculina-1536x1024.jpg 1536w, https:\/\/delvek.com.br\/wp-content\/uploads\/2023\/07\/trabalho-de-economia-economica-laptop-de-discussao-masculina-600x400.jpg 600w, https:\/\/delvek.com.br\/wp-content\/uploads\/2023\/07\/trabalho-de-economia-economica-laptop-de-discussao-masculina.jpg 2000w\" sizes=\"(max-width: 1024px) 100vw, 1024px\" \/>\t\t\t\t\t\t\t\t\t\t\t\t\t<\/div>\n\t\t\t\t<\/div>\n\t\t\t\t\t<\/div>\n\t\t\t\t<\/div>\n\t\t<div class=\"elementor-element elementor-element-2b4a046 e-flex e-con-boxed e-con e-parent\" data-id=\"2b4a046\" data-element_type=\"container\">\n\t\t\t\t\t<div class=\"e-con-inner\">\n\t\t\t\t\t<\/div>\n\t\t\t\t<\/div>\n\t\t\t\t<\/div>\n\t\t\t\t<\/div>\n\t\t<div class=\"elementor-element elementor-element-1efcbcd e-flex e-con-boxed e-con e-parent\" data-id=\"1efcbcd\" data-element_type=\"container\">\n\t\t\t\t\t<div class=\"e-con-inner\">\n\t\t\t\t<div class=\"elementor-element elementor-element-3d3a204 elementor-widget elementor-widget-text-editor\" data-id=\"3d3a204\" data-element_type=\"widget\" data-widget_type=\"text-editor.default\">\n\t\t\t\t<div class=\"elementor-widget-container\">\n\t\t\t\t\t\t\t<p>Na Delvek, temos o compromisso de oferecer solu\u00e7\u00f5es sob medida em Estat\u00edstica e Business Intelligence, adaptadas \u00e0s necessidades espec\u00edficas de cada cliente.\u00a0 A Estat\u00edstica e Business Intelligence s\u00e3o fundamentais para o sucesso e a competitividade no cen\u00e1rio empresarial atual. Juntos, vamos construir um futuro de sucesso, impulsionado pelo conhecimento e pela intelig\u00eancia dos dados.<\/p>\t\t\t\t\t\t<\/div>\n\t\t\t\t<\/div>\n\t\t\t\t<div class=\"elementor-element elementor-element-e82f886 elementor-align-left elementor-widget elementor-widget-button\" data-id=\"e82f886\" data-element_type=\"widget\" data-widget_type=\"button.default\">\n\t\t\t\t<div class=\"elementor-widget-container\">\n\t\t\t\t\t<div class=\"elementor-button-wrapper\">\n\t\t\t<a class=\"elementor-button elementor-button-link elementor-size-md elementor-animation-shrink\" href=\"https:\/\/delvek.com.br\/index.php\/contato\/\">\n\t\t\t\t\t\t<span class=\"elementor-button-content-wrapper\">\n\t\t\t\t\t\t\t\t\t<span class=\"elementor-button-text\">Or\u00e7amento Agora<\/span>\n\t\t\t\t\t<\/span>\n\t\t\t\t\t<\/a>\n\t\t<\/div>\n\t\t\t\t<\/div>\n\t\t\t\t<\/div>\n\t\t\t\t\t<\/div>\n\t\t\t\t<\/div>\n\t\t<div class=\"elementor-element elementor-element-25ea989 e-flex e-con-boxed e-con e-parent\" data-id=\"25ea989\" data-element_type=\"container\">\n\t\t\t\t\t<div class=\"e-con-inner\">\n\t\t\t\t<div class=\"elementor-element elementor-element-8f3a95a elementor-widget-divider--view-line elementor-widget elementor-widget-divider\" data-id=\"8f3a95a\" data-element_type=\"widget\" data-widget_type=\"divider.default\">\n\t\t\t\t<div class=\"elementor-widget-container\">\n\t\t\t\t\t<div class=\"elementor-divider\">\n\t\t\t<span class=\"elementor-divider-separator\">\n\t\t\t\t\t\t<\/span>\n\t\t<\/div>\n\t\t\t\t<\/div>\n\t\t\t\t<\/div>\n\t\t\t\t\t<\/div>\n\t\t\t\t<\/div>\n\t\t\t\t<\/div>\n\t\t","protected":false},"excerpt":{"rendered":"<p>Estat\u00edsticas e B.I Desbloqueando o poder dos dados: Estat\u00edsticas precisas, resultados extraordin\u00e1rios. Transformando Dados em Conhecimento Estrat\u00e9gico Na era da informa\u00e7\u00e3o, dados s\u00e3o abundantes e essenciais para o sucesso das empresas. No entanto, a mera coleta de informa\u00e7\u00f5es n\u00e3o \u00e9 suficiente para impulsionar o crescimento ou tomar decis\u00f5es estrat\u00e9gicas. \u00c9 aqui que entra o papel [&hellip;]<\/p>\n","protected":false},"author":1,"featured_media":0,"parent":0,"menu_order":0,"comment_status":"closed","ping_status":"closed","template":"","meta":[],"_links":{"self":[{"href":"https:\/\/delvek.com.br\/index.php\/wp-json\/wp\/v2\/pages\/1372"}],"collection":[{"href":"https:\/\/delvek.com.br\/index.php\/wp-json\/wp\/v2\/pages"}],"about":[{"href":"https:\/\/delvek.com.br\/index.php\/wp-json\/wp\/v2\/types\/page"}],"author":[{"embeddable":true,"href":"https:\/\/delvek.com.br\/index.php\/wp-json\/wp\/v2\/users\/1"}],"replies":[{"embeddable":true,"href":"https:\/\/delvek.com.br\/index.php\/wp-json\/wp\/v2\/comments?post=1372"}],"version-history":[{"count":25,"href":"https:\/\/delvek.com.br\/index.php\/wp-json\/wp\/v2\/pages\/1372\/revisions"}],"predecessor-version":[{"id":1503,"href":"https:\/\/delvek.com.br\/index.php\/wp-json\/wp\/v2\/pages\/1372\/revisions\/1503"}],"wp:attachment":[{"href":"https:\/\/delvek.com.br\/index.php\/wp-json\/wp\/v2\/media?parent=1372"}],"curies":[{"name":"wp","href":"https:\/\/api.w.org\/{rel}","templated":true}]}}