{"id":1046,"date":"2023-07-14T17:32:22","date_gmt":"2023-07-14T20:32:22","guid":{"rendered":"https:\/\/delvek.com.br\/?page_id=1046"},"modified":"2023-07-26T15:49:44","modified_gmt":"2023-07-26T18:49:44","slug":"fabrica-de-software","status":"publish","type":"page","link":"https:\/\/delvek.com.br\/index.php\/fabrica-de-software\/","title":{"rendered":"F\u00e1brica de Software"},"content":{"rendered":"\t\t<div data-elementor-type=\"wp-page\" data-elementor-id=\"1046\" class=\"elementor elementor-1046\">\n\t\t\t\t<div class=\"elementor-element elementor-element-3ed4613 e-flex e-con-boxed e-con e-parent\" data-id=\"3ed4613\" data-element_type=\"container\">\n\t\t\t\t\t<div class=\"e-con-inner\">\n\t\t\t\t<div class=\"elementor-element elementor-element-5ba6b66 elementor-widget elementor-widget-spacer\" data-id=\"5ba6b66\" data-element_type=\"widget\" data-widget_type=\"spacer.default\">\n\t\t\t\t<div class=\"elementor-widget-container\">\n\t\t\t<style>\/*! elementor - v3.21.0 - 25-04-2024 *\/\n.elementor-column .elementor-spacer-inner{height:var(--spacer-size)}.e-con{--container-widget-width:100%}.e-con-inner>.elementor-widget-spacer,.e-con>.elementor-widget-spacer{width:var(--container-widget-width,var(--spacer-size));--align-self:var(--container-widget-align-self,initial);--flex-shrink:0}.e-con-inner>.elementor-widget-spacer>.elementor-widget-container,.e-con>.elementor-widget-spacer>.elementor-widget-container{height:100%;width:100%}.e-con-inner>.elementor-widget-spacer>.elementor-widget-container>.elementor-spacer,.e-con>.elementor-widget-spacer>.elementor-widget-container>.elementor-spacer{height:100%}.e-con-inner>.elementor-widget-spacer>.elementor-widget-container>.elementor-spacer>.elementor-spacer-inner,.e-con>.elementor-widget-spacer>.elementor-widget-container>.elementor-spacer>.elementor-spacer-inner{height:var(--container-widget-height,var(--spacer-size))}.e-con-inner>.elementor-widget-spacer.elementor-widget-empty,.e-con>.elementor-widget-spacer.elementor-widget-empty{position:relative;min-height:22px;min-width:22px}.e-con-inner>.elementor-widget-spacer.elementor-widget-empty .elementor-widget-empty-icon,.e-con>.elementor-widget-spacer.elementor-widget-empty .elementor-widget-empty-icon{position:absolute;top:0;bottom:0;left:0;right:0;margin:auto;padding:0;width:22px;height:22px}<\/style>\t\t<div class=\"elementor-spacer\">\n\t\t\t<div class=\"elementor-spacer-inner\"><\/div>\n\t\t<\/div>\n\t\t\t\t<\/div>\n\t\t\t\t<\/div>\n\t\t\t\t\t<\/div>\n\t\t\t\t<\/div>\n\t\t<div class=\"elementor-element elementor-element-082c8e1 e-flex e-con-boxed e-con e-parent\" data-id=\"082c8e1\" data-element_type=\"container\" data-settings=\"{&quot;background_background&quot;:&quot;slideshow&quot;,&quot;background_slideshow_gallery&quot;:[],&quot;background_slideshow_loop&quot;:&quot;yes&quot;,&quot;background_slideshow_slide_duration&quot;:5000,&quot;background_slideshow_slide_transition&quot;:&quot;fade&quot;,&quot;background_slideshow_transition_duration&quot;:500}\">\n\t\t\t\t\t<div class=\"e-con-inner\">\n\t\t\t\t<div class=\"elementor-element elementor-element-f13894b elementor-widget elementor-widget-heading\" data-id=\"f13894b\" data-element_type=\"widget\" data-widget_type=\"heading.default\">\n\t\t\t\t<div class=\"elementor-widget-container\">\n\t\t\t<style>\/*! elementor - v3.21.0 - 25-04-2024 *\/\n.elementor-heading-title{padding:0;margin:0;line-height:1}.elementor-widget-heading .elementor-heading-title[class*=elementor-size-]>a{color:inherit;font-size:inherit;line-height:inherit}.elementor-widget-heading .elementor-heading-title.elementor-size-small{font-size:15px}.elementor-widget-heading .elementor-heading-title.elementor-size-medium{font-size:19px}.elementor-widget-heading .elementor-heading-title.elementor-size-large{font-size:29px}.elementor-widget-heading .elementor-heading-title.elementor-size-xl{font-size:39px}.elementor-widget-heading .elementor-heading-title.elementor-size-xxl{font-size:59px}<\/style><h2 class=\"elementor-heading-title elementor-size-default\">F\u00e1brica de Software<\/h2>\t\t<\/div>\n\t\t\t\t<\/div>\n\t\t\t\t<div class=\"elementor-element elementor-element-1d91462 elementor-widget elementor-widget-text-editor\" data-id=\"1d91462\" data-element_type=\"widget\" data-widget_type=\"text-editor.default\">\n\t\t\t\t<div class=\"elementor-widget-container\">\n\t\t\t<style>\/*! elementor - v3.21.0 - 25-04-2024 *\/\n.elementor-widget-text-editor.elementor-drop-cap-view-stacked .elementor-drop-cap{background-color:#69727d;color:#fff}.elementor-widget-text-editor.elementor-drop-cap-view-framed .elementor-drop-cap{color:#69727d;border:3px solid;background-color:transparent}.elementor-widget-text-editor:not(.elementor-drop-cap-view-default) .elementor-drop-cap{margin-top:8px}.elementor-widget-text-editor:not(.elementor-drop-cap-view-default) .elementor-drop-cap-letter{width:1em;height:1em}.elementor-widget-text-editor .elementor-drop-cap{float:left;text-align:center;line-height:1;font-size:50px}.elementor-widget-text-editor .elementor-drop-cap-letter{display:inline-block}<\/style>\t\t\t\t<p>Inovando e Transformando Ideias em Solu\u00e7\u00f5es Tecnol\u00f3gicas.<\/p>\t\t\t\t\t\t<\/div>\n\t\t\t\t<\/div>\n\t\t\t\t\t<\/div>\n\t\t\t\t<\/div>\n\t\t<div class=\"elementor-element elementor-element-094da83 e-flex e-con-boxed e-con e-parent\" data-id=\"094da83\" data-element_type=\"container\">\n\t\t\t\t\t<div class=\"e-con-inner\">\n\t\t\t\t<div class=\"elementor-element elementor-element-1b46a03 elementor-widget-divider--view-line elementor-widget elementor-widget-divider\" data-id=\"1b46a03\" data-element_type=\"widget\" data-widget_type=\"divider.default\">\n\t\t\t\t<div class=\"elementor-widget-container\">\n\t\t\t<style>\/*! elementor - v3.21.0 - 25-04-2024 *\/\n.elementor-widget-divider{--divider-border-style:none;--divider-border-width:1px;--divider-color:#0c0d0e;--divider-icon-size:20px;--divider-element-spacing:10px;--divider-pattern-height:24px;--divider-pattern-size:20px;--divider-pattern-url:none;--divider-pattern-repeat:repeat-x}.elementor-widget-divider .elementor-divider{display:flex}.elementor-widget-divider .elementor-divider__text{font-size:15px;line-height:1;max-width:95%}.elementor-widget-divider .elementor-divider__element{margin:0 var(--divider-element-spacing);flex-shrink:0}.elementor-widget-divider .elementor-icon{font-size:var(--divider-icon-size)}.elementor-widget-divider .elementor-divider-separator{display:flex;margin:0;direction:ltr}.elementor-widget-divider--view-line_icon .elementor-divider-separator,.elementor-widget-divider--view-line_text .elementor-divider-separator{align-items:center}.elementor-widget-divider--view-line_icon .elementor-divider-separator:after,.elementor-widget-divider--view-line_icon .elementor-divider-separator:before,.elementor-widget-divider--view-line_text .elementor-divider-separator:after,.elementor-widget-divider--view-line_text .elementor-divider-separator:before{display:block;content:\"\";border-block-end:0;flex-grow:1;border-block-start:var(--divider-border-width) var(--divider-border-style) var(--divider-color)}.elementor-widget-divider--element-align-left .elementor-divider .elementor-divider-separator>.elementor-divider__svg:first-of-type{flex-grow:0;flex-shrink:100}.elementor-widget-divider--element-align-left .elementor-divider-separator:before{content:none}.elementor-widget-divider--element-align-left .elementor-divider__element{margin-left:0}.elementor-widget-divider--element-align-right .elementor-divider .elementor-divider-separator>.elementor-divider__svg:last-of-type{flex-grow:0;flex-shrink:100}.elementor-widget-divider--element-align-right .elementor-divider-separator:after{content:none}.elementor-widget-divider--element-align-right .elementor-divider__element{margin-right:0}.elementor-widget-divider--element-align-start .elementor-divider .elementor-divider-separator>.elementor-divider__svg:first-of-type{flex-grow:0;flex-shrink:100}.elementor-widget-divider--element-align-start .elementor-divider-separator:before{content:none}.elementor-widget-divider--element-align-start .elementor-divider__element{margin-inline-start:0}.elementor-widget-divider--element-align-end .elementor-divider .elementor-divider-separator>.elementor-divider__svg:last-of-type{flex-grow:0;flex-shrink:100}.elementor-widget-divider--element-align-end .elementor-divider-separator:after{content:none}.elementor-widget-divider--element-align-end .elementor-divider__element{margin-inline-end:0}.elementor-widget-divider:not(.elementor-widget-divider--view-line_text):not(.elementor-widget-divider--view-line_icon) .elementor-divider-separator{border-block-start:var(--divider-border-width) var(--divider-border-style) var(--divider-color)}.elementor-widget-divider--separator-type-pattern{--divider-border-style:none}.elementor-widget-divider--separator-type-pattern.elementor-widget-divider--view-line .elementor-divider-separator,.elementor-widget-divider--separator-type-pattern:not(.elementor-widget-divider--view-line) .elementor-divider-separator:after,.elementor-widget-divider--separator-type-pattern:not(.elementor-widget-divider--view-line) .elementor-divider-separator:before,.elementor-widget-divider--separator-type-pattern:not([class*=elementor-widget-divider--view]) .elementor-divider-separator{width:100%;min-height:var(--divider-pattern-height);-webkit-mask-size:var(--divider-pattern-size) 100%;mask-size:var(--divider-pattern-size) 100%;-webkit-mask-repeat:var(--divider-pattern-repeat);mask-repeat:var(--divider-pattern-repeat);background-color:var(--divider-color);-webkit-mask-image:var(--divider-pattern-url);mask-image:var(--divider-pattern-url)}.elementor-widget-divider--no-spacing{--divider-pattern-size:auto}.elementor-widget-divider--bg-round{--divider-pattern-repeat:round}.rtl .elementor-widget-divider .elementor-divider__text{direction:rtl}.e-con-inner>.elementor-widget-divider,.e-con>.elementor-widget-divider{width:var(--container-widget-width,100%);--flex-grow:var(--container-widget-flex-grow)}<\/style>\t\t<div class=\"elementor-divider\">\n\t\t\t<span class=\"elementor-divider-separator\">\n\t\t\t\t\t\t<\/span>\n\t\t<\/div>\n\t\t\t\t<\/div>\n\t\t\t\t<\/div>\n\t\t\t\t\t<\/div>\n\t\t\t\t<\/div>\n\t\t<div class=\"elementor-element elementor-element-8c20796 e-flex e-con-boxed e-con e-parent\" data-id=\"8c20796\" data-element_type=\"container\">\n\t\t\t\t\t<div class=\"e-con-inner\">\n\t\t<div class=\"elementor-element elementor-element-3477ce6 e-con-full elementor-hidden-tablet elementor-hidden-mobile e-flex e-con e-parent\" data-id=\"3477ce6\" data-element_type=\"container\">\n\t\t\t\t<div class=\"elementor-element elementor-element-35a1371 elementor-widget elementor-widget-image\" data-id=\"35a1371\" data-element_type=\"widget\" data-widget_type=\"image.default\">\n\t\t\t\t<div class=\"elementor-widget-container\">\n\t\t\t<style>\/*! elementor - v3.21.0 - 25-04-2024 *\/\n.elementor-widget-image{text-align:center}.elementor-widget-image a{display:inline-block}.elementor-widget-image a img[src$=\".svg\"]{width:48px}.elementor-widget-image img{vertical-align:middle;display:inline-block}<\/style>\t\t\t\t\t\t\t\t\t\t<img fetchpriority=\"high\" decoding=\"async\" width=\"300\" height=\"200\" src=\"https:\/\/delvek.com.br\/wp-content\/uploads\/2023\/07\/plano-de-fundo-de-programacao-com-pessoa-trabalhando-com-codigos-no-computador-300x200.jpg\" class=\"attachment-medium size-medium wp-image-1318\" alt=\"\" srcset=\"https:\/\/delvek.com.br\/wp-content\/uploads\/2023\/07\/plano-de-fundo-de-programacao-com-pessoa-trabalhando-com-codigos-no-computador-300x200.jpg 300w, https:\/\/delvek.com.br\/wp-content\/uploads\/2023\/07\/plano-de-fundo-de-programacao-com-pessoa-trabalhando-com-codigos-no-computador-1024x682.jpg 1024w, https:\/\/delvek.com.br\/wp-content\/uploads\/2023\/07\/plano-de-fundo-de-programacao-com-pessoa-trabalhando-com-codigos-no-computador-768x512.jpg 768w, https:\/\/delvek.com.br\/wp-content\/uploads\/2023\/07\/plano-de-fundo-de-programacao-com-pessoa-trabalhando-com-codigos-no-computador-1536x1024.jpg 1536w, https:\/\/delvek.com.br\/wp-content\/uploads\/2023\/07\/plano-de-fundo-de-programacao-com-pessoa-trabalhando-com-codigos-no-computador-600x400.jpg 600w, https:\/\/delvek.com.br\/wp-content\/uploads\/2023\/07\/plano-de-fundo-de-programacao-com-pessoa-trabalhando-com-codigos-no-computador.jpg 2000w\" sizes=\"(max-width: 300px) 100vw, 300px\" \/>\t\t\t\t\t\t\t\t\t\t\t\t\t<\/div>\n\t\t\t\t<\/div>\n\t\t\t\t<\/div>\n\t\t<div class=\"elementor-element elementor-element-de0e2ec e-con-full e-flex e-con e-parent\" data-id=\"de0e2ec\" data-element_type=\"container\">\n\t\t\t\t<div class=\"elementor-element elementor-element-c980203 elementor-widget elementor-widget-text-editor\" data-id=\"c980203\" data-element_type=\"widget\" data-widget_type=\"text-editor.default\">\n\t\t\t\t<div class=\"elementor-widget-container\">\n\t\t\t\t\t\t\t<p>Na era moderna dos neg\u00f3cios impulsionados pela tecnologia, a demanda por solu\u00e7\u00f5es de software inovadoras e eficientes est\u00e1 em constante crescimento. As empresas buscam maneiras de otimizar processos, melhorar a experi\u00eancia do cliente e impulsionar sua vantagem competitiva. \u00c9 nesse cen\u00e1rio que uma F\u00e1brica de Software se destaca como uma parceira estrat\u00e9gica, pronta para transformar ideias em realidade tecnol\u00f3gica.<\/p>\t\t\t\t\t\t<\/div>\n\t\t\t\t<\/div>\n\t\t\t\t<\/div>\n\t\t\t\t\t<\/div>\n\t\t\t\t<\/div>\n\t\t<div class=\"elementor-element elementor-element-a5c42d8 e-flex e-con-boxed e-con e-parent\" data-id=\"a5c42d8\" data-element_type=\"container\">\n\t\t\t\t\t<div class=\"e-con-inner\">\n\t\t\t\t<div class=\"elementor-element elementor-element-8b0fa45 elementor-widget elementor-widget-text-editor\" data-id=\"8b0fa45\" data-element_type=\"widget\" data-widget_type=\"text-editor.default\">\n\t\t\t\t<div class=\"elementor-widget-container\">\n\t\t\t\t\t\t\t<h3><span style=\"color: #ffff99;\"><strong>O que \u00e9 uma F\u00e1brica de Software?<\/strong><\/span><\/h3><p>Uma F\u00e1brica de Software \u00e9 uma equipe de profissionais altamente qualificados, incluindo desenvolvedores, designers, analistas e testadores, que trabalham em conjunto para projetar, desenvolver e implementar solu\u00e7\u00f5es de software sob medida. Seu principal objetivo \u00e9 criar aplicativos, sistemas e plataformas que atendam \u00e0s necessidades espec\u00edficas de uma empresa, garantindo efici\u00eancia operacional, inova\u00e7\u00e3o e crescimento.<\/p>\t\t\t\t\t\t<\/div>\n\t\t\t\t<\/div>\n\t\t\t\t\t<\/div>\n\t\t\t\t<\/div>\n\t\t<div class=\"elementor-element elementor-element-4d7d669 e-flex e-con-boxed e-con e-parent\" data-id=\"4d7d669\" data-element_type=\"container\">\n\t\t\t\t\t<div class=\"e-con-inner\">\n\t\t\t\t<div class=\"elementor-element elementor-element-3b76799 elementor-widget__width-initial elementor-widget elementor-widget-text-editor\" data-id=\"3b76799\" data-element_type=\"widget\" data-widget_type=\"text-editor.default\">\n\t\t\t\t<div class=\"elementor-widget-container\">\n\t\t\t\t\t\t\t<h5><span style=\"color: #ffff99;\"><strong>A Experi\u00eancia e a Expertise<\/strong><\/span><\/h5>\n<p>No cora\u00e7\u00e3o de uma F\u00e1brica de Software est\u00e1 a expertise t\u00e9cnica e a experi\u00eancia no desenvolvimento de software. A nossa F\u00e1brica de Software possui uma equipe de profissionais talentosos, cada um especializado em diferentes tecnologias e linguagens de programa\u00e7\u00e3o. Isso nos permite abordar projetos diversos, desde aplicativos web e mobile at\u00e9 sistemas de gest\u00e3o empresarial complexos.<\/p>\n<h5><span style=\"color: #ffff99;\"><strong>Processo \u00c1gil e Colaborativo<\/strong><\/span><\/h5>\n<p>Para garantir a efici\u00eancia e a qualidade dos nossos projetos, adotamos metodologias \u00e1geis e um processo de desenvolvimento colaborativo. Trabalhamos em estreita colabora\u00e7\u00e3o com os nossos clientes, compreendendo suas necessidades e expectativas para desenvolver solu\u00e7\u00f5es personalizadas que superem suas expectativas. Acreditamos que uma comunica\u00e7\u00e3o aberta e transparente \u00e9 a chave para o sucesso de qualquer projeto.<\/p>\t\t\t\t\t\t<\/div>\n\t\t\t\t<\/div>\n\t\t\t\t<div class=\"elementor-element elementor-element-2df5e33 elementor-widget elementor-widget-image\" data-id=\"2df5e33\" data-element_type=\"widget\" data-widget_type=\"image.default\">\n\t\t\t\t<div class=\"elementor-widget-container\">\n\t\t\t\t\t\t\t\t\t\t\t\t\t<img decoding=\"async\" width=\"1024\" height=\"682\" src=\"https:\/\/delvek.com.br\/wp-content\/uploads\/2023\/07\/conceito-de-colagem-de-html-e-css-com-pessoa-1024x682.jpg\" class=\"attachment-large size-large wp-image-1319\" alt=\"\" srcset=\"https:\/\/delvek.com.br\/wp-content\/uploads\/2023\/07\/conceito-de-colagem-de-html-e-css-com-pessoa-1024x682.jpg 1024w, https:\/\/delvek.com.br\/wp-content\/uploads\/2023\/07\/conceito-de-colagem-de-html-e-css-com-pessoa-300x200.jpg 300w, https:\/\/delvek.com.br\/wp-content\/uploads\/2023\/07\/conceito-de-colagem-de-html-e-css-com-pessoa-768x512.jpg 768w, https:\/\/delvek.com.br\/wp-content\/uploads\/2023\/07\/conceito-de-colagem-de-html-e-css-com-pessoa-1536x1024.jpg 1536w, https:\/\/delvek.com.br\/wp-content\/uploads\/2023\/07\/conceito-de-colagem-de-html-e-css-com-pessoa-600x400.jpg 600w, https:\/\/delvek.com.br\/wp-content\/uploads\/2023\/07\/conceito-de-colagem-de-html-e-css-com-pessoa.jpg 2000w\" sizes=\"(max-width: 1024px) 100vw, 1024px\" \/>\t\t\t\t\t\t\t\t\t\t\t\t\t<\/div>\n\t\t\t\t<\/div>\n\t\t\t\t\t<\/div>\n\t\t\t\t<\/div>\n\t\t<div class=\"elementor-element elementor-element-88a91bf e-flex e-con-boxed e-con e-parent\" data-id=\"88a91bf\" data-element_type=\"container\">\n\t\t\t\t\t<div class=\"e-con-inner\">\n\t\t\t\t<div class=\"elementor-element elementor-element-9d341c2 elementor-widget elementor-widget-image\" data-id=\"9d341c2\" data-element_type=\"widget\" data-widget_type=\"image.default\">\n\t\t\t\t<div class=\"elementor-widget-container\">\n\t\t\t\t\t\t\t\t\t\t\t\t\t<img decoding=\"async\" width=\"769\" height=\"1024\" src=\"https:\/\/delvek.com.br\/wp-content\/uploads\/2023\/07\/vista-superior-do-hacker-irreconhecivel-realizando-ataque-cibernetico-a-noite-769x1024.jpg\" class=\"attachment-large size-large wp-image-1320\" alt=\"\" srcset=\"https:\/\/delvek.com.br\/wp-content\/uploads\/2023\/07\/vista-superior-do-hacker-irreconhecivel-realizando-ataque-cibernetico-a-noite-769x1024.jpg 769w, https:\/\/delvek.com.br\/wp-content\/uploads\/2023\/07\/vista-superior-do-hacker-irreconhecivel-realizando-ataque-cibernetico-a-noite-225x300.jpg 225w, https:\/\/delvek.com.br\/wp-content\/uploads\/2023\/07\/vista-superior-do-hacker-irreconhecivel-realizando-ataque-cibernetico-a-noite-768x1023.jpg 768w, https:\/\/delvek.com.br\/wp-content\/uploads\/2023\/07\/vista-superior-do-hacker-irreconhecivel-realizando-ataque-cibernetico-a-noite-1153x1536.jpg 1153w, https:\/\/delvek.com.br\/wp-content\/uploads\/2023\/07\/vista-superior-do-hacker-irreconhecivel-realizando-ataque-cibernetico-a-noite-600x799.jpg 600w, https:\/\/delvek.com.br\/wp-content\/uploads\/2023\/07\/vista-superior-do-hacker-irreconhecivel-realizando-ataque-cibernetico-a-noite.jpg 1501w\" sizes=\"(max-width: 769px) 100vw, 769px\" \/>\t\t\t\t\t\t\t\t\t\t\t\t\t<\/div>\n\t\t\t\t<\/div>\n\t\t\t\t<div class=\"elementor-element elementor-element-00d839d elementor-widget__width-initial elementor-widget elementor-widget-text-editor\" data-id=\"00d839d\" data-element_type=\"widget\" data-widget_type=\"text-editor.default\">\n\t\t\t\t<div class=\"elementor-widget-container\">\n\t\t\t\t\t\t\t<h5><span style=\"color: #ffff99;\"><strong>Inova\u00e7\u00e3o e Tend\u00eancias Tecnol\u00f3gicas<\/strong><\/span><\/h5><p>Na nossa F\u00e1brica de Software, estamos comprometidos em estar na vanguarda das \u00faltimas tend\u00eancias e inova\u00e7\u00f5es tecnol\u00f3gicas. Acompanhamos de perto as mudan\u00e7as no mercado e as novidades em tecnologia para oferecer solu\u00e7\u00f5es que estejam em sintonia com as demandas atuais e futuras dos nossos clientes.<\/p><h5><span style=\"color: #ffff99;\"><strong>Seguran\u00e7a e Qualidade Garantidas<\/strong><\/span><\/h5><p>A seguran\u00e7a e a qualidade dos nossos produtos s\u00e3o fundamentais para n\u00f3s. Adotamos as melhores pr\u00e1ticas de desenvolvimento de software, realizamos testes rigorosos em todas as etapas do processo e implementamos medidas de seguran\u00e7a para garantir a prote\u00e7\u00e3o dos dados e a confiabilidade das nossas solu\u00e7\u00f5es.<\/p><h5><span style=\"color: #ffff99;\"><strong>Transformando Vis\u00e3o em Realidade<\/strong><\/span><\/h5><p>Na nossa F\u00e1brica de Software, n\u00e3o apenas constru\u00edmos c\u00f3digos e sistemas; n\u00f3s realizamos vis\u00f5es. Trabalhamos para que nossos clientes vejam suas ideias ganharem vida, suas empresas alcan\u00e7arem novos patamares e seus objetivos de neg\u00f3cio se tornarem realidade. A satisfa\u00e7\u00e3o dos nossos clientes \u00e9 a nossa maior recompensa.<\/p><p>\u00a0<\/p>\t\t\t\t\t\t<\/div>\n\t\t\t\t<\/div>\n\t\t\t\t\t<\/div>\n\t\t\t\t<\/div>\n\t\t<div class=\"elementor-element elementor-element-5127930 e-flex e-con-boxed e-con e-parent\" data-id=\"5127930\" data-element_type=\"container\">\n\t\t\t\t\t<div class=\"e-con-inner\">\n\t\t\t\t<div class=\"elementor-element elementor-element-1d562e2 elementor-widget__width-initial elementor-widget elementor-widget-text-editor\" data-id=\"1d562e2\" data-element_type=\"widget\" data-widget_type=\"text-editor.default\">\n\t\t\t\t<div class=\"elementor-widget-container\">\n\t\t\t\t\t\t\t<p>A nossa F\u00e1brica de Software \u00e9 mais do que uma equipe de desenvolvimento; somos parceiros comprometidos em impulsionar o sucesso dos nossos clientes. Com a combina\u00e7\u00e3o certa de tecnologia, talento e dedica\u00e7\u00e3o, estamos prontos para enfrentar desafios e criar solu\u00e7\u00f5es inovadoras que moldem o futuro dos neg\u00f3cios.<\/p><p>Se voc\u00ea est\u00e1 em busca de uma F\u00e1brica de Software que compreenda suas necessidades, valorize a qualidade e ofere\u00e7a resultados excepcionais, entre em contato conosco hoje mesmo e descubra como podemos transformar a sua vis\u00e3o em realidade tecnol\u00f3gica.\u00a0<\/p><p><span style=\"color: var( --e-global-color-text ); letter-spacing: 0px;\">Estamos ansiosos para trabalhar com voc\u00ea!<\/span><\/p>\t\t\t\t\t\t<\/div>\n\t\t\t\t<\/div>\n\t\t\t\t<div class=\"elementor-element elementor-element-595a512 elementor-widget__width-initial elementor-widget elementor-widget-image\" data-id=\"595a512\" data-element_type=\"widget\" data-widget_type=\"image.default\">\n\t\t\t\t<div class=\"elementor-widget-container\">\n\t\t\t\t\t\t\t\t\t\t\t\t\t<img loading=\"lazy\" decoding=\"async\" width=\"1024\" height=\"1024\" src=\"https:\/\/delvek.com.br\/wp-content\/uploads\/2023\/07\/Together-Forever11-6-1024x1024.png\" class=\"attachment-large size-large wp-image-1323\" alt=\"\" srcset=\"https:\/\/delvek.com.br\/wp-content\/uploads\/2023\/07\/Together-Forever11-6-1024x1024.png 1024w, https:\/\/delvek.com.br\/wp-content\/uploads\/2023\/07\/Together-Forever11-6-300x300.png 300w, https:\/\/delvek.com.br\/wp-content\/uploads\/2023\/07\/Together-Forever11-6-150x150.png 150w, https:\/\/delvek.com.br\/wp-content\/uploads\/2023\/07\/Together-Forever11-6-768x768.png 768w, https:\/\/delvek.com.br\/wp-content\/uploads\/2023\/07\/Together-Forever11-6-230x230.png 230w, https:\/\/delvek.com.br\/wp-content\/uploads\/2023\/07\/Together-Forever11-6-400x400.png 400w, https:\/\/delvek.com.br\/wp-content\/uploads\/2023\/07\/Together-Forever11-6-600x600.png 600w, https:\/\/delvek.com.br\/wp-content\/uploads\/2023\/07\/Together-Forever11-6-640x640.png 640w, https:\/\/delvek.com.br\/wp-content\/uploads\/2023\/07\/Together-Forever11-6.png 1350w\" sizes=\"(max-width: 1024px) 100vw, 1024px\" \/>\t\t\t\t\t\t\t\t\t\t\t\t\t<\/div>\n\t\t\t\t<\/div>\n\t\t\t\t\t<\/div>\n\t\t\t\t<\/div>\n\t\t<div class=\"elementor-element elementor-element-39c4393 e-flex e-con-boxed e-con e-parent\" data-id=\"39c4393\" data-element_type=\"container\">\n\t\t\t\t\t<div class=\"e-con-inner\">\n\t\t\t\t<div class=\"elementor-element elementor-element-c15fa0c elementor-align-center elementor-widget elementor-widget-button\" data-id=\"c15fa0c\" data-element_type=\"widget\" data-widget_type=\"button.default\">\n\t\t\t\t<div class=\"elementor-widget-container\">\n\t\t\t\t\t<div class=\"elementor-button-wrapper\">\n\t\t\t<a class=\"elementor-button elementor-button-link elementor-size-md elementor-animation-shrink\" href=\"https:\/\/delvek.com.br\/index.php\/contato\/\">\n\t\t\t\t\t\t<span class=\"elementor-button-content-wrapper\">\n\t\t\t\t\t\t\t\t\t<span class=\"elementor-button-text\">Or\u00e7amento<\/span>\n\t\t\t\t\t<\/span>\n\t\t\t\t\t<\/a>\n\t\t<\/div>\n\t\t\t\t<\/div>\n\t\t\t\t<\/div>\n\t\t\t\t\t<\/div>\n\t\t\t\t<\/div>\n\t\t<div class=\"elementor-element elementor-element-bf79441 e-flex e-con-boxed e-con e-parent\" data-id=\"bf79441\" data-element_type=\"container\">\n\t\t\t\t\t<div class=\"e-con-inner\">\n\t\t\t\t<div class=\"elementor-element elementor-element-d3fd570 elementor-widget-divider--view-line elementor-widget elementor-widget-divider\" data-id=\"d3fd570\" data-element_type=\"widget\" data-widget_type=\"divider.default\">\n\t\t\t\t<div class=\"elementor-widget-container\">\n\t\t\t\t\t<div class=\"elementor-divider\">\n\t\t\t<span class=\"elementor-divider-separator\">\n\t\t\t\t\t\t<\/span>\n\t\t<\/div>\n\t\t\t\t<\/div>\n\t\t\t\t<\/div>\n\t\t\t\t\t<\/div>\n\t\t\t\t<\/div>\n\t\t\t\t<\/div>\n\t\t","protected":false},"excerpt":{"rendered":"<p>F\u00e1brica de Software Inovando e Transformando Ideias em Solu\u00e7\u00f5es Tecnol\u00f3gicas. Na era moderna dos neg\u00f3cios impulsionados pela tecnologia, a demanda por solu\u00e7\u00f5es de software inovadoras e eficientes est\u00e1 em constante crescimento. As empresas buscam maneiras de otimizar processos, melhorar a experi\u00eancia do cliente e impulsionar sua vantagem competitiva. \u00c9 nesse cen\u00e1rio que uma F\u00e1brica de [&hellip;]<\/p>\n","protected":false},"author":1,"featured_media":0,"parent":0,"menu_order":0,"comment_status":"closed","ping_status":"closed","template":"","meta":[],"_links":{"self":[{"href":"https:\/\/delvek.com.br\/index.php\/wp-json\/wp\/v2\/pages\/1046"}],"collection":[{"href":"https:\/\/delvek.com.br\/index.php\/wp-json\/wp\/v2\/pages"}],"about":[{"href":"https:\/\/delvek.com.br\/index.php\/wp-json\/wp\/v2\/types\/page"}],"author":[{"embeddable":true,"href":"https:\/\/delvek.com.br\/index.php\/wp-json\/wp\/v2\/users\/1"}],"replies":[{"embeddable":true,"href":"https:\/\/delvek.com.br\/index.php\/wp-json\/wp\/v2\/comments?post=1046"}],"version-history":[{"count":22,"href":"https:\/\/delvek.com.br\/index.php\/wp-json\/wp\/v2\/pages\/1046\/revisions"}],"predecessor-version":[{"id":1506,"href":"https:\/\/delvek.com.br\/index.php\/wp-json\/wp\/v2\/pages\/1046\/revisions\/1506"}],"wp:attachment":[{"href":"https:\/\/delvek.com.br\/index.php\/wp-json\/wp\/v2\/media?parent=1046"}],"curies":[{"name":"wp","href":"https:\/\/api.w.org\/{rel}","templated":true}]}}