{"id":1044,"date":"2023-07-14T17:31:57","date_gmt":"2023-07-14T20:31:57","guid":{"rendered":"https:\/\/delvek.com.br\/?page_id=1044"},"modified":"2023-07-17T16:03:29","modified_gmt":"2023-07-17T19:03:29","slug":"faqs","status":"publish","type":"page","link":"https:\/\/delvek.com.br\/index.php\/faqs\/","title":{"rendered":"FAQs"},"content":{"rendered":"\t\t<div data-elementor-type=\"wp-page\" data-elementor-id=\"1044\" class=\"elementor elementor-1044\">\n\t\t\t\t<div class=\"elementor-element elementor-element-3ed4613 e-flex e-con-boxed e-con e-parent\" data-id=\"3ed4613\" data-element_type=\"container\">\n\t\t\t\t\t<div class=\"e-con-inner\">\n\t\t\t\t<div class=\"elementor-element elementor-element-5ba6b66 elementor-widget elementor-widget-spacer\" data-id=\"5ba6b66\" data-element_type=\"widget\" data-widget_type=\"spacer.default\">\n\t\t\t\t<div class=\"elementor-widget-container\">\n\t\t\t<style>\/*! elementor - v3.21.0 - 25-04-2024 *\/\n.elementor-column .elementor-spacer-inner{height:var(--spacer-size)}.e-con{--container-widget-width:100%}.e-con-inner>.elementor-widget-spacer,.e-con>.elementor-widget-spacer{width:var(--container-widget-width,var(--spacer-size));--align-self:var(--container-widget-align-self,initial);--flex-shrink:0}.e-con-inner>.elementor-widget-spacer>.elementor-widget-container,.e-con>.elementor-widget-spacer>.elementor-widget-container{height:100%;width:100%}.e-con-inner>.elementor-widget-spacer>.elementor-widget-container>.elementor-spacer,.e-con>.elementor-widget-spacer>.elementor-widget-container>.elementor-spacer{height:100%}.e-con-inner>.elementor-widget-spacer>.elementor-widget-container>.elementor-spacer>.elementor-spacer-inner,.e-con>.elementor-widget-spacer>.elementor-widget-container>.elementor-spacer>.elementor-spacer-inner{height:var(--container-widget-height,var(--spacer-size))}.e-con-inner>.elementor-widget-spacer.elementor-widget-empty,.e-con>.elementor-widget-spacer.elementor-widget-empty{position:relative;min-height:22px;min-width:22px}.e-con-inner>.elementor-widget-spacer.elementor-widget-empty .elementor-widget-empty-icon,.e-con>.elementor-widget-spacer.elementor-widget-empty .elementor-widget-empty-icon{position:absolute;top:0;bottom:0;left:0;right:0;margin:auto;padding:0;width:22px;height:22px}<\/style>\t\t<div class=\"elementor-spacer\">\n\t\t\t<div class=\"elementor-spacer-inner\"><\/div>\n\t\t<\/div>\n\t\t\t\t<\/div>\n\t\t\t\t<\/div>\n\t\t\t\t\t<\/div>\n\t\t\t\t<\/div>\n\t\t<div class=\"elementor-element elementor-element-e83e2c6 e-flex e-con-boxed e-con e-parent\" data-id=\"e83e2c6\" data-element_type=\"container\">\n\t\t\t\t\t<div class=\"e-con-inner\">\n\t\t<div class=\"elementor-element elementor-element-a245667 e-con-full e-flex e-con e-parent\" data-id=\"a245667\" data-element_type=\"container\">\n\t\t\t\t<div class=\"elementor-element elementor-element-42fa59c elementor-widget elementor-widget-heading\" data-id=\"42fa59c\" data-element_type=\"widget\" data-widget_type=\"heading.default\">\n\t\t\t\t<div class=\"elementor-widget-container\">\n\t\t\t<style>\/*! elementor - v3.21.0 - 25-04-2024 *\/\n.elementor-heading-title{padding:0;margin:0;line-height:1}.elementor-widget-heading .elementor-heading-title[class*=elementor-size-]>a{color:inherit;font-size:inherit;line-height:inherit}.elementor-widget-heading .elementor-heading-title.elementor-size-small{font-size:15px}.elementor-widget-heading .elementor-heading-title.elementor-size-medium{font-size:19px}.elementor-widget-heading .elementor-heading-title.elementor-size-large{font-size:29px}.elementor-widget-heading .elementor-heading-title.elementor-size-xl{font-size:39px}.elementor-widget-heading .elementor-heading-title.elementor-size-xxl{font-size:59px}<\/style><h2 class=\"elementor-heading-title elementor-size-default\">P\u00e1gina em Manuten\u00e7\u00e3o<\/h2>\t\t<\/div>\n\t\t\t\t<\/div>\n\t\t\t\t<\/div>\n\t\t\t\t<div class=\"elementor-element elementor-element-2235217 elementor-widget__width-initial elementor-widget elementor-widget-text-editor\" data-id=\"2235217\" data-element_type=\"widget\" data-widget_type=\"text-editor.default\">\n\t\t\t\t<div class=\"elementor-widget-container\">\n\t\t\t<style>\/*! elementor - v3.21.0 - 25-04-2024 *\/\n.elementor-widget-text-editor.elementor-drop-cap-view-stacked .elementor-drop-cap{background-color:#69727d;color:#fff}.elementor-widget-text-editor.elementor-drop-cap-view-framed .elementor-drop-cap{color:#69727d;border:3px solid;background-color:transparent}.elementor-widget-text-editor:not(.elementor-drop-cap-view-default) .elementor-drop-cap{margin-top:8px}.elementor-widget-text-editor:not(.elementor-drop-cap-view-default) .elementor-drop-cap-letter{width:1em;height:1em}.elementor-widget-text-editor .elementor-drop-cap{float:left;text-align:center;line-height:1;font-size:50px}.elementor-widget-text-editor .elementor-drop-cap-letter{display:inline-block}<\/style>\t\t\t\t<p>Em breve estaremos prontos para tirar todas as suas d\u00favidas<\/p>\t\t\t\t\t\t<\/div>\n\t\t\t\t<\/div>\n\t\t<div class=\"elementor-element elementor-element-7205167 e-con-full e-flex e-con e-parent\" data-id=\"7205167\" data-element_type=\"container\">\n\t\t\t\t<div class=\"elementor-element elementor-element-5fd9a39 elementor-widget elementor-widget-image\" data-id=\"5fd9a39\" data-element_type=\"widget\" data-widget_type=\"image.default\">\n\t\t\t\t<div class=\"elementor-widget-container\">\n\t\t\t<style>\/*! elementor - v3.21.0 - 25-04-2024 *\/\n.elementor-widget-image{text-align:center}.elementor-widget-image a{display:inline-block}.elementor-widget-image a img[src$=\".svg\"]{width:48px}.elementor-widget-image img{vertical-align:middle;display:inline-block}<\/style>\t\t\t\t\t\t\t\t\t\t<img fetchpriority=\"high\" decoding=\"async\" width=\"768\" height=\"768\" src=\"https:\/\/delvek.com.br\/wp-content\/uploads\/2023\/07\/Together-Forever11-5-768x768.png\" class=\"attachment-medium_large size-medium_large wp-image-1166\" alt=\"\" srcset=\"https:\/\/delvek.com.br\/wp-content\/uploads\/2023\/07\/Together-Forever11-5-768x768.png 768w, https:\/\/delvek.com.br\/wp-content\/uploads\/2023\/07\/Together-Forever11-5-300x300.png 300w, https:\/\/delvek.com.br\/wp-content\/uploads\/2023\/07\/Together-Forever11-5-1024x1024.png 1024w, https:\/\/delvek.com.br\/wp-content\/uploads\/2023\/07\/Together-Forever11-5-150x150.png 150w, https:\/\/delvek.com.br\/wp-content\/uploads\/2023\/07\/Together-Forever11-5-1536x1536.png 1536w, https:\/\/delvek.com.br\/wp-content\/uploads\/2023\/07\/Together-Forever11-5-2048x2048.png 2048w, https:\/\/delvek.com.br\/wp-content\/uploads\/2023\/07\/Together-Forever11-5-230x230.png 230w, https:\/\/delvek.com.br\/wp-content\/uploads\/2023\/07\/Together-Forever11-5-400x400.png 400w, https:\/\/delvek.com.br\/wp-content\/uploads\/2023\/07\/Together-Forever11-5-600x600.png 600w, https:\/\/delvek.com.br\/wp-content\/uploads\/2023\/07\/Together-Forever11-5-640x640.png 640w\" sizes=\"(max-width: 768px) 100vw, 768px\" \/>\t\t\t\t\t\t\t\t\t\t\t\t\t<\/div>\n\t\t\t\t<\/div>\n\t\t\t\t<\/div>\n\t\t\t\t\t<\/div>\n\t\t\t\t<\/div>\n\t\t\t\t<\/div>\n\t\t","protected":false},"excerpt":{"rendered":"<p>P\u00e1gina em Manuten\u00e7\u00e3o Em breve estaremos prontos para tirar todas as suas d\u00favidas<\/p>\n","protected":false},"author":1,"featured_media":0,"parent":0,"menu_order":0,"comment_status":"closed","ping_status":"closed","template":"","meta":[],"_links":{"self":[{"href":"https:\/\/delvek.com.br\/index.php\/wp-json\/wp\/v2\/pages\/1044"}],"collection":[{"href":"https:\/\/delvek.com.br\/index.php\/wp-json\/wp\/v2\/pages"}],"about":[{"href":"https:\/\/delvek.com.br\/index.php\/wp-json\/wp\/v2\/types\/page"}],"author":[{"embeddable":true,"href":"https:\/\/delvek.com.br\/index.php\/wp-json\/wp\/v2\/users\/1"}],"replies":[{"embeddable":true,"href":"https:\/\/delvek.com.br\/index.php\/wp-json\/wp\/v2\/comments?post=1044"}],"version-history":[{"count":4,"href":"https:\/\/delvek.com.br\/index.php\/wp-json\/wp\/v2\/pages\/1044\/revisions"}],"predecessor-version":[{"id":1169,"href":"https:\/\/delvek.com.br\/index.php\/wp-json\/wp\/v2\/pages\/1044\/revisions\/1169"}],"wp:attachment":[{"href":"https:\/\/delvek.com.br\/index.php\/wp-json\/wp\/v2\/media?parent=1044"}],"curies":[{"name":"wp","href":"https:\/\/api.w.org\/{rel}","templated":true}]}}